{"id":255,"date":"2016-04-15T13:32:24","date_gmt":"2016-04-15T11:32:24","guid":{"rendered":"http:\/\/jagdamberg.bplaced.net\/wordpress\/?page_id=255"},"modified":"2017-02-15T16:18:38","modified_gmt":"2017-02-15T15:18:38","slug":"der-verein-2","status":"publish","type":"page","link":"https:\/\/www.jagd-amberg.de\/?page_id=255","title":{"rendered":"\u00dcber uns"},"content":{"rendered":"<p>Im Altlandkreis Amberg (Gebiet der Kreisgruppe Amberg im LJV) betr\u00e4gt die Jagdfl\u00e4che 106.797 Hektar. Davon fallen 67280 Hektar auf Gemeinschaftsjagdreviere, 4.949 Hektar auf private und kommunale Fl\u00e4chen, 11.641 Hektar auf Staatsforsten und 22.927 Hektar auf den Bundesforst.<\/p>\n<p>Au\u00dferhalb der Staatsforstreviere und des Bundesforstes wird die Jagd in 136 Privatrevieren<br \/>\n(108 Gemeinschafts- und 28 Eigenjagdreviere) ausge\u00fcbt.<\/p>\n<p>Naturschutzarbeit, Biotoppflege und Artenerhalt sind heute die wesentlichen Aufgaben der J\u00e4ger, die f\u00fcr die freilebende Tierwelt die Verantwortung tragen.<\/p>\n<p>Gemeinschaftsjagdreviere\u00a0\u00a0\u00a0\u00a0\u00a0\u00a0\u00a0\u00a0\u00a0\u00a0\u00a0\u00a0\u00a0\u00a0\u00a0\u00a0\u00a0\u00a0\u00a0\u00a0 67.280 ha\u00a0\u00a0\u00a0\u00a0\u00a0\u00a0\u00a0\u00a0\u00a0\u00a0 =\u00a0\u00a0\u00a0\u00a0\u00a0\u00a0 63,0 %<\/p>\n<p>Eigenjagdreviere\u00a0\u00a0\u00a0\u00a0\u00a0\u00a0\u00a0\u00a0\u00a0\u00a0\u00a0\u00a0\u00a0\u00a0\u00a0\u00a0\u00a0\u00a0\u00a0\u00a0\u00a0\u00a0\u00a0\u00a0\u00a0\u00a0\u00a0\u00a0\u00a0\u00a0\u00a0 \u00a0\u00a0\u00a0\u00a0\u00a0\u00a0 4.949 ha\u00a0\u00a0\u00a0\u00a0\u00a0\u00a0\u00a0\u00a0\u00a0\u00a0 =\u00a0\u00a0\u00a0\u00a0\u00a0\u00a0 \u00a0 4,5 %<\/p>\n<p>Staatsjagdreviere\u00a0\u00a0\u00a0\u00a0\u00a0\u00a0\u00a0\u00a0\u00a0\u00a0\u00a0\u00a0\u00a0\u00a0\u00a0\u00a0\u00a0\u00a0\u00a0\u00a0\u00a0\u00a0\u00a0\u00a0\u00a0\u00a0\u00a0\u00a0\u00a0\u00a0\u00a0\u00a0\u00a0\u00a0\u00a0 11.641 ha\u00a0\u00a0\u00a0\u00a0\u00a0\u00a0\u00a0\u00a0\u00a0\u00a0 =\u00a0\u00a0\u00a0\u00a0\u00a0\u00a0 11,0 %<\/p>\n<p>Bundesjagdreviere\u00a0\u00a0\u00a0\u00a0\u00a0\u00a0\u00a0\u00a0\u00a0\u00a0\u00a0\u00a0\u00a0\u00a0\u00a0\u00a0\u00a0\u00a0\u00a0\u00a0\u00a0\u00a0\u00a0\u00a0\u00a0\u00a0\u00a0\u00a0\u00a0\u00a0\u00a0\u00a0\u00a0 <u>22.927 ha\u00a0\u00a0\u00a0\u00a0\u00a0\u00a0\u00a0\u00a0\u00a0\u00a0 =\u00a0\u00a0\u00a0\u00a0\u00a0\u00a0 21,5 %<\/u><\/p>\n<p>insgesamt\u00a0\u00a0\u00a0\u00a0\u00a0\u00a0\u00a0\u00a0\u00a0\u00a0\u00a0\u00a0\u00a0\u00a0\u00a0\u00a0\u00a0\u00a0\u00a0\u00a0\u00a0\u00a0\u00a0\u00a0\u00a0\u00a0\u00a0\u00a0\u00a0\u00a0\u00a0\u00a0\u00a0\u00a0\u00a0\u00a0\u00a0\u00a0 \u00a0\u00a0\u00a0\u00a0\u00a0\u00a0 106.797 ha\u00a0\u00a0\u00a0\u00a0\u00a0\u00a0\u00a0\u00a0\u00a0\u00a0 =\u00a0\u00a0\u00a0\u00a0 100,0 %<\/p>\n<p>&nbsp;<\/p>\n<div id=\"attachment_1124\" style=\"width: 778px\" class=\"wp-caption alignnone\"><img aria-describedby=\"caption-attachment-1124\" loading=\"lazy\" class=\"size-full wp-image-1124\" src=\"http:\/\/www.jagd-amberg.de\/wp-content\/uploads\/2017\/02\/Lkreisn.jpg\" alt=\"Landkreis Amberg-Sulzbach\" width=\"768\" height=\"885\" srcset=\"https:\/\/www.jagd-amberg.de\/wp-content\/uploads\/2017\/02\/Lkreisn.jpg 768w, https:\/\/www.jagd-amberg.de\/wp-content\/uploads\/2017\/02\/Lkreisn-260x300.jpg 260w\" sizes=\"(max-width: 768px) 100vw, 768px\" \/><p id=\"caption-attachment-1124\" class=\"wp-caption-text\">Landkreis Amberg-Sulzbach<\/p><\/div>\n<p>Zum Einzugsgebiet der Kreisgruppe geh\u00f6rt die Stadt Amberg, sowie der ehemalige Landkreis Amberg in der Oberpfalz.<\/p>\n<p>Die Wurzeln des Vereins gehen bis ins Jahr 1893 zur\u00fcck.\u00a0 Der Sitz des Vereins ist in Amberg. Der Verein ist ca. 450 Mitglieder stark und verfolgt ausschlie\u00dflich und unmittelbar gemeinn\u00fctzige Zwecke.<\/p>\n<p>Unsere Aufgabe sehen wir in der F\u00f6rderung der freilebenden Tierwelt im Rahmen des Naturschutzes, des Landschaftsschutzes, des Umweltschutzes und des Tierschutzes.<\/p>\n<p>Zu den satzungsgem\u00e4\u00df verankerten Aufgaben und Zielen z\u00e4hlen die Pflege und F\u00f6rderung aller Zweige des Jagdwesens, des jagdlichen Brauchtums, sowie die jagdliche Aus- und Weiterbildung.<\/p>\n","protected":false},"excerpt":{"rendered":"<p>Im Altlandkreis Amberg (Gebiet der Kreisgruppe Amberg im LJV) betr\u00e4gt die Jagdfl\u00e4che 106.797 Hektar. Davon fallen 67280 Hektar auf Gemeinschaftsjagdreviere, 4.949 Hektar auf private und kommunale Fl\u00e4chen, 11.641 Hektar auf Staatsforsten und 22.927&#46;&#46;&#46;<\/p>\n","protected":false},"author":1,"featured_media":0,"parent":0,"menu_order":0,"comment_status":"closed","ping_status":"closed","template":"","meta":[],"_links":{"self":[{"href":"https:\/\/www.jagd-amberg.de\/index.php?rest_route=\/wp\/v2\/pages\/255"}],"collection":[{"href":"https:\/\/www.jagd-amberg.de\/index.php?rest_route=\/wp\/v2\/pages"}],"about":[{"href":"https:\/\/www.jagd-amberg.de\/index.php?rest_route=\/wp\/v2\/types\/page"}],"author":[{"embeddable":true,"href":"https:\/\/www.jagd-amberg.de\/index.php?rest_route=\/wp\/v2\/users\/1"}],"replies":[{"embeddable":true,"href":"https:\/\/www.jagd-amberg.de\/index.php?rest_route=%2Fwp%2Fv2%2Fcomments&post=255"}],"version-history":[{"count":5,"href":"https:\/\/www.jagd-amberg.de\/index.php?rest_route=\/wp\/v2\/pages\/255\/revisions"}],"predecessor-version":[{"id":1125,"href":"https:\/\/www.jagd-amberg.de\/index.php?rest_route=\/wp\/v2\/pages\/255\/revisions\/1125"}],"wp:attachment":[{"href":"https:\/\/www.jagd-amberg.de\/index.php?rest_route=%2Fwp%2Fv2%2Fmedia&parent=255"}],"curies":[{"name":"wp","href":"https:\/\/api.w.org\/{rel}","templated":true}]}}