{"id":288,"date":"2016-04-15T14:13:04","date_gmt":"2016-04-15T12:13:04","guid":{"rendered":"http:\/\/jagdamberg.bplaced.net\/wordpress\/?page_id=288"},"modified":"2016-04-15T14:13:04","modified_gmt":"2016-04-15T12:13:04","slug":"historie","status":"publish","type":"page","link":"https:\/\/www.jagd-amberg.de\/?page_id=288","title":{"rendered":"Historie"},"content":{"rendered":"<p>Bereits im Jahre 1958 wurde im Amberg die Bl\u00e4sergruppe der Kreisgruppe Amberg im Landesjagdverband Bayern gegr\u00fcndet. Aus bescheidenen Anf\u00e4ngen mit 4 Jagdhornbl\u00e4sern entwickelte sich im Laufe der Zeit eine sowohl auf musikalischem Gebiet als auch von der Anzahl her starke Gruppe, die in der Glanzzeit 24 Jagdhornbl\u00e4ser-und bl\u00e4serinnen (!!) aufzuweisen hatte. Geblasen wird in einer gemischten Gruppe in der Tonart B; gemischt deshalb, denn die instrumentale Zusammensetzung besteht aus kleinen F\u00fcrst-Pless-H\u00f6rnern und den gro\u00dfen Parforceh\u00f6rnern in B.<\/p>\n<p>Warum verwendet man eigentlich H\u00f6rner zu Signalen und Musik im jagdlichem Bereich? Die Uraufgabe des Jagdhorns, der Vorl\u00e4ufer war sicherlich das Horn des Auerochsen, war die eines Signalger\u00e4tes, um Mitteilungen in den W\u00e4ldern \u00fcber weite Entfernungen austauschen zu k\u00f6nnen. In Not geratene J\u00e4ger konnten damit \u00fcber weite Distanzen Hilfe herbeirufen. Im h\u00f6fischen Bereich ab dem 16. und 17. Jahrhundert finden Jagdhornsignale und Jagdmusik mit den gro\u00dfen Parforceh\u00f6rnern in Es verst\u00e4rkt Einzug. In Frankreich finden wir zu dieser Zeit die &#8220;Trompe de Chasse&#8221; die in D geblasen werden. Im Zeitalter von Internet, Handy und Faxger\u00e4ten k\u00f6nnte man den Gebrauch des Jagdhorns schon als Luxus bezeichnen. Wer aber schon die Faszination eines Jagdmusikkonzertes oder einer Hubertusmesse mit Jagdh\u00f6rnern intensiv miterlebt hat, der wird sich der des Jagdh\u00f6rnerklangs nicht mehr entziehen k\u00f6nnen. <\/p>\n","protected":false},"excerpt":{"rendered":"<p>Bereits im Jahre 1958 wurde im Amberg die Bl\u00e4sergruppe der Kreisgruppe Amberg im Landesjagdverband Bayern gegr\u00fcndet. Aus bescheidenen Anf\u00e4ngen mit 4 Jagdhornbl\u00e4sern entwickelte sich im Laufe der Zeit eine sowohl auf musikalischem Gebiet&#46;&#46;&#46;<\/p>\n","protected":false},"author":1,"featured_media":0,"parent":0,"menu_order":0,"comment_status":"closed","ping_status":"closed","template":"","meta":[],"_links":{"self":[{"href":"https:\/\/www.jagd-amberg.de\/index.php?rest_route=\/wp\/v2\/pages\/288"}],"collection":[{"href":"https:\/\/www.jagd-amberg.de\/index.php?rest_route=\/wp\/v2\/pages"}],"about":[{"href":"https:\/\/www.jagd-amberg.de\/index.php?rest_route=\/wp\/v2\/types\/page"}],"author":[{"embeddable":true,"href":"https:\/\/www.jagd-amberg.de\/index.php?rest_route=\/wp\/v2\/users\/1"}],"replies":[{"embeddable":true,"href":"https:\/\/www.jagd-amberg.de\/index.php?rest_route=%2Fwp%2Fv2%2Fcomments&post=288"}],"version-history":[{"count":1,"href":"https:\/\/www.jagd-amberg.de\/index.php?rest_route=\/wp\/v2\/pages\/288\/revisions"}],"predecessor-version":[{"id":289,"href":"https:\/\/www.jagd-amberg.de\/index.php?rest_route=\/wp\/v2\/pages\/288\/revisions\/289"}],"wp:attachment":[{"href":"https:\/\/www.jagd-amberg.de\/index.php?rest_route=%2Fwp%2Fv2%2Fmedia&parent=288"}],"curies":[{"name":"wp","href":"https:\/\/api.w.org\/{rel}","templated":true}]}}