{"id":290,"date":"2016-04-15T14:13:36","date_gmt":"2016-04-15T12:13:36","guid":{"rendered":"http:\/\/jagdamberg.bplaced.net\/wordpress\/?page_id=290"},"modified":"2016-04-15T14:13:36","modified_gmt":"2016-04-15T12:13:36","slug":"aufgaben","status":"publish","type":"page","link":"https:\/\/www.jagd-amberg.de\/?page_id=290","title":{"rendered":"Aufgaben"},"content":{"rendered":"<p>Die Jagdhornbl\u00e4ser haben es sich zur Aufgabe gemacht, nicht nur die Jagdhornsignale sondern auch die mit der Jagd verbundenen Traditionen und Br\u00e4uche weiterzugeben. Durch dauernde Angriffe gegen die Jagd hat sich zudem herauskristallisiert, wie wichtig der H\u00f6rnerklang und die damit verbundene Repr\u00e4sentation der J\u00e4ger f\u00fcr die \u00d6ffentlichkeitsarbeit &#8220;Pro Jagd&#8221; geworden ist. Die Bl\u00e4ser der Kreisgruppe treffen sich fast w\u00f6chentlich einmal zu einem \u00dcbungsabend (jeden Donnerstag, im Vereinsheim in Atzlricht bei Amberg), dar\u00fcber hinaus haben sie auch f\u00fcr die Kreisgruppe die Aufgaben, Hubertusmessen, Hochzeiten, Geburtstage und Jubil\u00e4en festlich zu umrahmen; aber auch den verstorbenen J\u00e4gern wird am Grabe ein letztes Halali geblasen und aus Tradition ein letzter Bruch in das Grab mitgegeben. Wenn Sie als Mitglied des Landesjagdverbandes Bayern Interesse haben das Jagdhornblasen zu erlernen, so erhalten Sie eine kostenlose Ausbildung. Vorkenntnisse sind nicht erforderlich. Wir suchen engagierte J\u00e4ger jeden Alters, die uns in unserer Arbeit unterst\u00fctzen. Setzen Sie sich wegen n\u00e4herer Ausk\u00fcnfte mit den Hornmeister der Bl\u00e4sergruppe in Verbindung.<\/p>\n","protected":false},"excerpt":{"rendered":"<p>Die Jagdhornbl\u00e4ser haben es sich zur Aufgabe gemacht, nicht nur die Jagdhornsignale sondern auch die mit der Jagd verbundenen Traditionen und Br\u00e4uche weiterzugeben. Durch dauernde Angriffe gegen die Jagd hat sich zudem herauskristallisiert,&#46;&#46;&#46;<\/p>\n","protected":false},"author":1,"featured_media":0,"parent":0,"menu_order":0,"comment_status":"closed","ping_status":"closed","template":"","meta":[],"_links":{"self":[{"href":"https:\/\/www.jagd-amberg.de\/index.php?rest_route=\/wp\/v2\/pages\/290"}],"collection":[{"href":"https:\/\/www.jagd-amberg.de\/index.php?rest_route=\/wp\/v2\/pages"}],"about":[{"href":"https:\/\/www.jagd-amberg.de\/index.php?rest_route=\/wp\/v2\/types\/page"}],"author":[{"embeddable":true,"href":"https:\/\/www.jagd-amberg.de\/index.php?rest_route=\/wp\/v2\/users\/1"}],"replies":[{"embeddable":true,"href":"https:\/\/www.jagd-amberg.de\/index.php?rest_route=%2Fwp%2Fv2%2Fcomments&post=290"}],"version-history":[{"count":2,"href":"https:\/\/www.jagd-amberg.de\/index.php?rest_route=\/wp\/v2\/pages\/290\/revisions"}],"predecessor-version":[{"id":3285,"href":"https:\/\/www.jagd-amberg.de\/index.php?rest_route=\/wp\/v2\/pages\/290\/revisions\/3285"}],"wp:attachment":[{"href":"https:\/\/www.jagd-amberg.de\/index.php?rest_route=%2Fwp%2Fv2%2Fmedia&parent=290"}],"curies":[{"name":"wp","href":"https:\/\/api.w.org\/{rel}","templated":true}]}}