{"id":333,"date":"2016-04-15T14:45:19","date_gmt":"2016-04-15T12:45:19","guid":{"rendered":"http:\/\/jagdamberg.bplaced.net\/wordpress\/?page_id=333"},"modified":"2017-08-22T16:34:34","modified_gmt":"2017-08-22T14:34:34","slug":"begleit-und-jagdhundefuehrerlehrgaenge","status":"publish","type":"page","link":"https:\/\/www.jagd-amberg.de\/?page_id=333","title":{"rendered":"Jagd- und Begleithunde"},"content":{"rendered":"<p>\u00dcber unseren Hundeobmann-\/ unsere Hundeobfrau Ute Ehebauer bietet die Kreisgruppe j\u00e4hrlich Abrichte- und Hundef\u00fchrerlehrg\u00e4nge an.<\/p>\n<p>Im Begleithundelehrgang sind alle Rassen, sei es Golden Retriever, Collie oder Mischling vertreten. Ab einem Alter des Hundes von ca. 6 Monaten kann die Teilnahme erfolgen. Dabei werden theoretische Kenntnisse \u00fcber das Halten und F\u00fchren von Hunden vermittelt. Dar\u00fcber hinaus, und vor allem, findet eine praktische Ausbildung statt. Die Ausbildungsdauer bei Begleithunden ist ca. 3 Monate bei einem w\u00f6chentlichen Treffen. Ziel der Ausbildung ist es, einen grunds\u00e4tzlichen Gehorsam des Hundes zu erreichen. Letztendlich soll der Hund leinenf\u00fchrig sein, frei bei Fu\u00df ohne Leine folgen, sich ablegen und absitzen sowie auf Pfiff zum F\u00fchrer kommen.<\/p>\n<p>Dar\u00fcber hinaus wird ein Ausbildungslehrgang f\u00fcr Jagdhunde angeboten. Ziel ist es, die Brauchbarkeitspr\u00fcfung zu absolvieren. Dabei sollte das Alter des Jagdhundes ca. 1 Jahr betragen. Wiederum in w\u00f6chentlichen \u00dcbungseinheiten wird \u00fcber einen Zeitraum von ca. 5 Monaten der Kurs abgehalten. Vor der Brauchbarkeitspr\u00fcfung wird gemeinsam mit den Begleithunden eine Dressurabschlusspr\u00fcfung absolviert.<\/p>\n<p>Die Kurse beginnen jeweils j\u00e4hrlich Ende M\u00e4rz\/Anfang April. Voranmeldungen f\u00fcr die Lehrg\u00e4nge nimmt Frau Ute Ehebauer (Tel. 09624\/1597, Mitglied im Jagdgebrauchshundeverband, Verbandsrichterin, Z\u00fcchterin und Formwertrichterin) entgegen.<\/p>\n<p>&nbsp;<\/p>\n<p><strong>Hundekurs Begleithunde und Jagdhunde 2017:<\/strong><br \/>\nPr\u00fcfung der Dressur am 15. Juli 2017.<\/p>\n<div id=\"attachment_1212\" style=\"width: 592px\" class=\"wp-caption alignnone\"><a href=\"http:\/\/www.jagd-amberg.de\/wp-content\/uploads\/2017\/08\/HundeKursBegleithunde2017.png\" rel=\"attachment wp-att-1212\"><img aria-describedby=\"caption-attachment-1212\" loading=\"lazy\" class=\"size-full wp-image-1212\" src=\"http:\/\/www.jagd-amberg.de\/wp-content\/uploads\/2017\/08\/HundeKursBegleithunde2017.png\" alt=\"Hundekurs 2017\" width=\"582\" height=\"268\" srcset=\"https:\/\/www.jagd-amberg.de\/wp-content\/uploads\/2017\/08\/HundeKursBegleithunde2017.png 582w, https:\/\/www.jagd-amberg.de\/wp-content\/uploads\/2017\/08\/HundeKursBegleithunde2017-300x138.png 300w\" sizes=\"(max-width: 582px) 100vw, 582px\" \/><\/a><p id=\"caption-attachment-1212\" class=\"wp-caption-text\">Hundekurs 2017<\/p><\/div>\n<p>Erfolgreich bestanden: 15 Begleithunde und 7 Jagdhunde<\/p>\n","protected":false},"excerpt":{"rendered":"<p>\u00dcber unseren Hundeobmann-\/ unsere Hundeobfrau Ute Ehebauer bietet die Kreisgruppe j\u00e4hrlich Abrichte- und Hundef\u00fchrerlehrg\u00e4nge an. Im Begleithundelehrgang sind alle Rassen, sei es Golden Retriever, Collie oder Mischling vertreten. Ab einem Alter des Hundes&#46;&#46;&#46;<\/p>\n","protected":false},"author":1,"featured_media":0,"parent":0,"menu_order":0,"comment_status":"closed","ping_status":"closed","template":"","meta":[],"_links":{"self":[{"href":"https:\/\/www.jagd-amberg.de\/index.php?rest_route=\/wp\/v2\/pages\/333"}],"collection":[{"href":"https:\/\/www.jagd-amberg.de\/index.php?rest_route=\/wp\/v2\/pages"}],"about":[{"href":"https:\/\/www.jagd-amberg.de\/index.php?rest_route=\/wp\/v2\/types\/page"}],"author":[{"embeddable":true,"href":"https:\/\/www.jagd-amberg.de\/index.php?rest_route=\/wp\/v2\/users\/1"}],"replies":[{"embeddable":true,"href":"https:\/\/www.jagd-amberg.de\/index.php?rest_route=%2Fwp%2Fv2%2Fcomments&post=333"}],"version-history":[{"count":5,"href":"https:\/\/www.jagd-amberg.de\/index.php?rest_route=\/wp\/v2\/pages\/333\/revisions"}],"predecessor-version":[{"id":1216,"href":"https:\/\/www.jagd-amberg.de\/index.php?rest_route=\/wp\/v2\/pages\/333\/revisions\/1216"}],"wp:attachment":[{"href":"https:\/\/www.jagd-amberg.de\/index.php?rest_route=%2Fwp%2Fv2%2Fmedia&parent=333"}],"curies":[{"name":"wp","href":"https:\/\/api.w.org\/{rel}","templated":true}]}}