{"id":519,"date":"2016-04-19T19:52:32","date_gmt":"2016-04-19T17:52:32","guid":{"rendered":"http:\/\/jagdamberg.bplaced.net\/wordpress\/?page_id=519"},"modified":"2023-03-25T22:02:01","modified_gmt":"2023-03-25T21:02:01","slug":"geburtstagsstaendchen-durch-die-blaeser","status":"publish","type":"page","link":"https:\/\/www.jagd-amberg.de\/?page_id=519","title":{"rendered":"Geburtstagsst\u00e4ndchen"},"content":{"rendered":"<p>Jagdhornbl\u00e4ser bei Geburtstagen<\/p>\n<p>-Geburtstagsst\u00e4ndchen-<\/p>\n<p>Die Vorstandschaft der Kreisgruppe hat vor Jahren beschlossen, dass die Bl\u00e4sergruppe auf Wunsch bei folgenden Geburtstagen ein St\u00e4ndchen bringt:<br \/>\n60. Geburtstag, sowie ab dem 70. Geburtstag alle 5 Jahre. Um die Organisation f\u00fcr die Bl\u00e4sergruppe zu erleichtern gilt folgende Regelung: Jedes Mitglied, dass zu einem Geburtstags-st\u00e4ndchen ansteht, wird ca. 14 Tage vor seinem Geburtstagstermin von einem Mitglied der Vorstandschaft kontaktiert um die Einzelheiten des Bl\u00e4serauftritts zu besprechen. W\u00fcnscht der Jubilar jedoch keinen Bl\u00e4serauftritt wird selbstverst\u00e4ndlich eine Abordnung der Vorstandschaft zu den besonderen Geburtstagen ab dem 50. Lebensjahr zum Gratulieren erscheinen.<\/p>\n","protected":false},"excerpt":{"rendered":"<p>Jagdhornbl\u00e4ser bei Geburtstagen -Geburtstagsst\u00e4ndchen- Die Vorstandschaft der Kreisgruppe hat vor Jahren beschlossen, dass die Bl\u00e4sergruppe auf Wunsch bei folgenden Geburtstagen ein St\u00e4ndchen bringt: 60. Geburtstag, sowie ab dem 70. Geburtstag alle 5 Jahre.&#46;&#46;&#46;<\/p>\n","protected":false},"author":1,"featured_media":0,"parent":0,"menu_order":0,"comment_status":"closed","ping_status":"closed","template":"","meta":[],"_links":{"self":[{"href":"https:\/\/www.jagd-amberg.de\/index.php?rest_route=\/wp\/v2\/pages\/519"}],"collection":[{"href":"https:\/\/www.jagd-amberg.de\/index.php?rest_route=\/wp\/v2\/pages"}],"about":[{"href":"https:\/\/www.jagd-amberg.de\/index.php?rest_route=\/wp\/v2\/types\/page"}],"author":[{"embeddable":true,"href":"https:\/\/www.jagd-amberg.de\/index.php?rest_route=\/wp\/v2\/users\/1"}],"replies":[{"embeddable":true,"href":"https:\/\/www.jagd-amberg.de\/index.php?rest_route=%2Fwp%2Fv2%2Fcomments&post=519"}],"version-history":[{"count":3,"href":"https:\/\/www.jagd-amberg.de\/index.php?rest_route=\/wp\/v2\/pages\/519\/revisions"}],"predecessor-version":[{"id":2988,"href":"https:\/\/www.jagd-amberg.de\/index.php?rest_route=\/wp\/v2\/pages\/519\/revisions\/2988"}],"wp:attachment":[{"href":"https:\/\/www.jagd-amberg.de\/index.php?rest_route=%2Fwp%2Fv2%2Fmedia&parent=519"}],"curies":[{"name":"wp","href":"https:\/\/api.w.org\/{rel}","templated":true}]}}