{"id":569,"date":"2016-04-27T16:49:36","date_gmt":"2016-04-27T14:49:36","guid":{"rendered":"http:\/\/jagdamberg.bplaced.net\/wordpress\/?page_id=569"},"modified":"2026-04-20T22:20:01","modified_gmt":"2026-04-20T20:20:01","slug":"nachsuchegespann","status":"publish","type":"page","link":"https:\/\/www.jagd-amberg.de\/?page_id=569","title":{"rendered":"Nachsuchengespanne"},"content":{"rendered":"<p>Aus Gr\u00fcnden der Waidgerechtigkeit und des Tierschutzes ist eine ordentliche Nachsuche bzw. Kontrollsuche unbedingt erforderlich. Nur best\u00e4tigte Nachsuchengespanne d\u00fcrfen, sofern Nachsuchenvereinbarungen vorliegen, revier\u00fcbergreifend nachsuchen.<\/p>\n<p>Bitte z\u00f6gern Sie nicht und fordern Sie unsere ehrenamtlichen Nachsuchenprofis an.<br \/><strong>Eine Nachsuche ist niemals peinlich, sondern Ehrensache!<\/strong><\/p>\n<p>Verschwiegenheit ist nat\u00fcrlich oberstes Gebot.<\/p>\n<p>\u00a0<\/p>\n<p><img loading=\"lazy\" class=\"alignleft\" style=\"margin-right: 40px; margin-bottom: 80px; margin-top: 0px;\" src=\"http:\/\/www.jagd-amberg.de\/wp-content\/uploads\/2017\/08\/FranzEhebauer.jpg\" alt=\"\" width=\"192\" height=\"275\" align=\"top\" border=\"0\" \/><\/p>\n<h3 class=\"widget-title\">Franz Ehebauer mit &#8220;Yara vom Wolfskorb&#8221;<\/h3>\n<p>Wolfsbach<\/p>\n<p>Der Nachsuchehund ist ein anerkannter Schwei\u00dfhund mit entsprechender Vorpr\u00fcfung und Hauptpr\u00fcfung. Das Nachsuchegespann hat jedes Jahr 50 bis 60 Suchen in der Umgebung und auch in anderen Kreisgruppen.<\/p>\n<p>Telefon: 09624\/1597<br \/>Mobil: 0175\/6720918<\/p>\n<div style=\"clear: both;\">\n<p><img loading=\"lazy\" class=\"alignleft\" style=\"margin-right: 40px; margin-bottom: 40px; margin-top: 0px;\" src=\"https:\/\/www.jagd-amberg.de\/wp-content\/uploads\/2021\/06\/Nachsuchengespann_Batek-scaled.jpg\" alt=\"\" width=\"192\" height=\"275\" align=\"top\" border=\"0\" \/><\/p>\n<h3 class=\"widget-title\">J\u00fcrgen Batek mit Bracke &#8220;Arrow&#8221;<\/h3>\n<p>Lintach<\/p>\n<p>Zur Unterst\u00fctzung in der Nachsuchenarbeit hat der Jagdverband 2020 ein weiteres Nachsuchengespann best\u00e4tigt.<\/p>\n<p>Telefon: 09627\/91101<br \/>Mobil: 0176\/24754695<\/p>\n<\/div>\n\n\n<p><\/p>\n\n\n\n<div style=\"height:50px\" aria-hidden=\"true\" class=\"wp-block-spacer\"><\/div>\n\n\n\n<p>Hier finden Sie die <a href=\"https:\/\/www.stmwi.bayern.de\/jagd-forst\/oberste-jagdbehoerde\/nachsuchengespanne\/\" target=\"_blank\" rel=\"noreferrer noopener\">Kontaktdaten weiterer von der Regierung anerkannter Nachsuchengespanne<\/a>.<\/p>\n","protected":false},"excerpt":{"rendered":"<p>Aus Gr\u00fcnden der Waidgerechtigkeit und des Tierschutzes ist eine ordentliche Nachsuche bzw. Kontrollsuche unbedingt erforderlich. Nur best\u00e4tigte Nachsuchengespanne d\u00fcrfen, sofern Nachsuchenvereinbarungen vorliegen, revier\u00fcbergreifend nachsuchen. Bitte z\u00f6gern Sie nicht und fordern Sie unsere ehrenamtlichen&#46;&#46;&#46;<\/p>\n","protected":false},"author":1,"featured_media":0,"parent":0,"menu_order":0,"comment_status":"closed","ping_status":"closed","template":"","meta":[],"_links":{"self":[{"href":"https:\/\/www.jagd-amberg.de\/index.php?rest_route=\/wp\/v2\/pages\/569"}],"collection":[{"href":"https:\/\/www.jagd-amberg.de\/index.php?rest_route=\/wp\/v2\/pages"}],"about":[{"href":"https:\/\/www.jagd-amberg.de\/index.php?rest_route=\/wp\/v2\/types\/page"}],"author":[{"embeddable":true,"href":"https:\/\/www.jagd-amberg.de\/index.php?rest_route=\/wp\/v2\/users\/1"}],"replies":[{"embeddable":true,"href":"https:\/\/www.jagd-amberg.de\/index.php?rest_route=%2Fwp%2Fv2%2Fcomments&post=569"}],"version-history":[{"count":15,"href":"https:\/\/www.jagd-amberg.de\/index.php?rest_route=\/wp\/v2\/pages\/569\/revisions"}],"predecessor-version":[{"id":4051,"href":"https:\/\/www.jagd-amberg.de\/index.php?rest_route=\/wp\/v2\/pages\/569\/revisions\/4051"}],"wp:attachment":[{"href":"https:\/\/www.jagd-amberg.de\/index.php?rest_route=%2Fwp%2Fv2%2Fmedia&parent=569"}],"curies":[{"name":"wp","href":"https:\/\/api.w.org\/{rel}","templated":true}]}}