{"id":578,"date":"2016-04-27T17:24:14","date_gmt":"2016-04-27T15:24:14","guid":{"rendered":"http:\/\/jagdamberg.bplaced.net\/wordpress\/?page_id=578"},"modified":"2017-02-22T16:42:40","modified_gmt":"2017-02-22T15:42:40","slug":"schulungsort","status":"publish","type":"page","link":"https:\/\/www.jagd-amberg.de\/?page_id=578","title":{"rendered":"Schulungsort"},"content":{"rendered":"<p><strong>Wegbeschreibung<\/strong><\/p>\n<p>In unserem Vereinsheim bei Atzlricht bzw. Lengenloh bei Amberg findet im wesentlichen unser Ausbildungslehrgang statt. Das Vereinsheim verf\u00fcgt nicht \u00fcber eine f\u00fcr ein Navigationssystem geeignete Adresse. Wir beschreiben deshalb den Anfahrtsweg nachstehend.<\/p>\n<p>Anfahrt aus der Gerberstra\u00dfe in Amberg: Fahrt auf der alten Kreisstra\u00dfe Amberg-Ursensollen (AM 4) in Richtung Ursensollen. Nach ca. 2 km Fahrt befindet sich rechts ein einzelnes Geh\u00f6ft. Ca. 100 m nach dem Geh\u00f6ft rechts abbiegen in Richtung Lengenloh. Nach ca. 300 m (dabei wird der Autobahnzubringer B 299 unterquert) links abbiegen. Dann ca. 3 km immer geradeaus fahren, bis ein Eisentor die Stra\u00dfe absperrt. Im Bereich des Tores befindet sich dann unser Vereinsheim.<\/p>\n\n\t\t<style>\n\t\t\t#gallery-1 {\n\t\t\t\tmargin: auto;\n\t\t\t}\n\t\t\t#gallery-1 .gallery-item {\n\t\t\t\tfloat: left;\n\t\t\t\tmargin-top: 10px;\n\t\t\t\ttext-align: center;\n\t\t\t\twidth: 33%;\n\t\t\t}\n\t\t\t#gallery-1 img {\n\t\t\t\tborder: 2px solid #cfcfcf;\n\t\t\t}\n\t\t\t#gallery-1 .gallery-caption {\n\t\t\t\tmargin-left: 0;\n\t\t\t}\n\t\t\t\/* see gallery_shortcode() in wp-includes\/media.php *\/\n\t\t<\/style>\n\t\t<div id='gallery-1' class='gallery galleryid-578 gallery-columns-3 gallery-size-thumbnail'><dl class='gallery-item'>\n\t\t\t<dt class='gallery-icon landscape'>\n\t\t\t\t<a href='https:\/\/www.jagd-amberg.de\/wp-content\/uploads\/2016\/04\/Schulungsraum_1.jpg'><img width=\"150\" height=\"150\" src=\"https:\/\/www.jagd-amberg.de\/wp-content\/uploads\/2016\/04\/Schulungsraum_1-150x150.jpg\" class=\"attachment-thumbnail size-thumbnail\" alt=\"Schulungsraum\" loading=\"lazy\" aria-describedby=\"gallery-1-1106\" srcset=\"https:\/\/www.jagd-amberg.de\/wp-content\/uploads\/2016\/04\/Schulungsraum_1-150x150.jpg 150w, https:\/\/www.jagd-amberg.de\/wp-content\/uploads\/2016\/04\/Schulungsraum_1-160x160.jpg 160w, https:\/\/www.jagd-amberg.de\/wp-content\/uploads\/2016\/04\/Schulungsraum_1-320x320.jpg 320w\" sizes=\"(max-width: 150px) 100vw, 150px\" \/><\/a>\n\t\t\t<\/dt>\n\t\t\t\t<dd class='wp-caption-text gallery-caption' id='gallery-1-1106'>\n\t\t\t\tSchulungsraum\n\t\t\t\t<\/dd><\/dl><dl class='gallery-item'>\n\t\t\t<dt class='gallery-icon landscape'>\n\t\t\t\t<a href='https:\/\/www.jagd-amberg.de\/wp-content\/uploads\/2016\/04\/Schulungsort_1.jpg'><img width=\"150\" height=\"150\" src=\"https:\/\/www.jagd-amberg.de\/wp-content\/uploads\/2016\/04\/Schulungsort_1-150x150.jpg\" class=\"attachment-thumbnail size-thumbnail\" alt=\"Schulungsort\" loading=\"lazy\" aria-describedby=\"gallery-1-1105\" srcset=\"https:\/\/www.jagd-amberg.de\/wp-content\/uploads\/2016\/04\/Schulungsort_1-150x150.jpg 150w, https:\/\/www.jagd-amberg.de\/wp-content\/uploads\/2016\/04\/Schulungsort_1-160x160.jpg 160w, https:\/\/www.jagd-amberg.de\/wp-content\/uploads\/2016\/04\/Schulungsort_1-320x320.jpg 320w\" sizes=\"(max-width: 150px) 100vw, 150px\" \/><\/a>\n\t\t\t<\/dt>\n\t\t\t\t<dd class='wp-caption-text gallery-caption' id='gallery-1-1105'>\n\t\t\t\tSchulungsort\n\t\t\t\t<\/dd><\/dl><dl class='gallery-item'>\n\t\t\t<dt class='gallery-icon landscape'>\n\t\t\t\t<a href='https:\/\/www.jagd-amberg.de\/wp-content\/uploads\/2016\/04\/Raum-optimiert.jpg'><img width=\"150\" height=\"150\" src=\"https:\/\/www.jagd-amberg.de\/wp-content\/uploads\/2016\/04\/Raum-optimiert-150x150.jpg\" class=\"attachment-thumbnail size-thumbnail\" alt=\"\" loading=\"lazy\" srcset=\"https:\/\/www.jagd-amberg.de\/wp-content\/uploads\/2016\/04\/Raum-optimiert-150x150.jpg 150w, https:\/\/www.jagd-amberg.de\/wp-content\/uploads\/2016\/04\/Raum-optimiert-160x160.jpg 160w, https:\/\/www.jagd-amberg.de\/wp-content\/uploads\/2016\/04\/Raum-optimiert-320x320.jpg 320w\" sizes=\"(max-width: 150px) 100vw, 150px\" \/><\/a>\n\t\t\t<\/dt><\/dl><br style=\"clear: both\" \/><dl class='gallery-item'>\n\t\t\t<dt class='gallery-icon landscape'>\n\t\t\t\t<a href='https:\/\/www.jagd-amberg.de\/wp-content\/uploads\/2016\/04\/Pr\u00e4parate-11-optimiert.jpg'><img width=\"150\" height=\"150\" src=\"https:\/\/www.jagd-amberg.de\/wp-content\/uploads\/2016\/04\/Pr\u00e4parate-11-optimiert-150x150.jpg\" class=\"attachment-thumbnail size-thumbnail\" alt=\"\" loading=\"lazy\" srcset=\"https:\/\/www.jagd-amberg.de\/wp-content\/uploads\/2016\/04\/Pr\u00e4parate-11-optimiert-150x150.jpg 150w, https:\/\/www.jagd-amberg.de\/wp-content\/uploads\/2016\/04\/Pr\u00e4parate-11-optimiert-160x160.jpg 160w, https:\/\/www.jagd-amberg.de\/wp-content\/uploads\/2016\/04\/Pr\u00e4parate-11-optimiert-320x320.jpg 320w\" sizes=\"(max-width: 150px) 100vw, 150px\" \/><\/a>\n\t\t\t<\/dt><\/dl><dl class='gallery-item'>\n\t\t\t<dt class='gallery-icon landscape'>\n\t\t\t\t<a href='https:\/\/www.jagd-amberg.de\/wp-content\/uploads\/2016\/04\/Pr\u00e4parate9-optimiert.jpg'><img width=\"150\" height=\"150\" src=\"https:\/\/www.jagd-amberg.de\/wp-content\/uploads\/2016\/04\/Pr\u00e4parate9-optimiert-150x150.jpg\" class=\"attachment-thumbnail size-thumbnail\" alt=\"\" loading=\"lazy\" srcset=\"https:\/\/www.jagd-amberg.de\/wp-content\/uploads\/2016\/04\/Pr\u00e4parate9-optimiert-150x150.jpg 150w, https:\/\/www.jagd-amberg.de\/wp-content\/uploads\/2016\/04\/Pr\u00e4parate9-optimiert-160x160.jpg 160w, https:\/\/www.jagd-amberg.de\/wp-content\/uploads\/2016\/04\/Pr\u00e4parate9-optimiert-320x320.jpg 320w\" sizes=\"(max-width: 150px) 100vw, 150px\" \/><\/a>\n\t\t\t<\/dt><\/dl><dl class='gallery-item'>\n\t\t\t<dt class='gallery-icon landscape'>\n\t\t\t\t<a href='https:\/\/www.jagd-amberg.de\/wp-content\/uploads\/2016\/04\/pr\u00e4parate4-optimiert.jpg'><img width=\"150\" height=\"150\" src=\"https:\/\/www.jagd-amberg.de\/wp-content\/uploads\/2016\/04\/pr\u00e4parate4-optimiert-150x150.jpg\" class=\"attachment-thumbnail size-thumbnail\" alt=\"\" loading=\"lazy\" srcset=\"https:\/\/www.jagd-amberg.de\/wp-content\/uploads\/2016\/04\/pr\u00e4parate4-optimiert-150x150.jpg 150w, https:\/\/www.jagd-amberg.de\/wp-content\/uploads\/2016\/04\/pr\u00e4parate4-optimiert-160x160.jpg 160w, https:\/\/www.jagd-amberg.de\/wp-content\/uploads\/2016\/04\/pr\u00e4parate4-optimiert-320x320.jpg 320w\" sizes=\"(max-width: 150px) 100vw, 150px\" \/><\/a>\n\t\t\t<\/dt><\/dl><br style=\"clear: both\" \/><dl class='gallery-item'>\n\t\t\t<dt class='gallery-icon portrait'>\n\t\t\t\t<a href='https:\/\/www.jagd-amberg.de\/wp-content\/uploads\/2016\/04\/pr\u00e4parate3-optimiert.jpg'><img width=\"150\" height=\"150\" src=\"https:\/\/www.jagd-amberg.de\/wp-content\/uploads\/2016\/04\/pr\u00e4parate3-optimiert-150x150.jpg\" class=\"attachment-thumbnail size-thumbnail\" alt=\"\" loading=\"lazy\" srcset=\"https:\/\/www.jagd-amberg.de\/wp-content\/uploads\/2016\/04\/pr\u00e4parate3-optimiert-150x150.jpg 150w, https:\/\/www.jagd-amberg.de\/wp-content\/uploads\/2016\/04\/pr\u00e4parate3-optimiert-160x160.jpg 160w, https:\/\/www.jagd-amberg.de\/wp-content\/uploads\/2016\/04\/pr\u00e4parate3-optimiert-320x320.jpg 320w\" sizes=\"(max-width: 150px) 100vw, 150px\" \/><\/a>\n\t\t\t<\/dt><\/dl><dl class='gallery-item'>\n\t\t\t<dt class='gallery-icon portrait'>\n\t\t\t\t<a href='https:\/\/www.jagd-amberg.de\/wp-content\/uploads\/2016\/04\/pr\u00e4parate2-optimiert.jpg'><img width=\"150\" height=\"150\" src=\"https:\/\/www.jagd-amberg.de\/wp-content\/uploads\/2016\/04\/pr\u00e4parate2-optimiert-150x150.jpg\" class=\"attachment-thumbnail size-thumbnail\" alt=\"\" loading=\"lazy\" srcset=\"https:\/\/www.jagd-amberg.de\/wp-content\/uploads\/2016\/04\/pr\u00e4parate2-optimiert-150x150.jpg 150w, https:\/\/www.jagd-amberg.de\/wp-content\/uploads\/2016\/04\/pr\u00e4parate2-optimiert-160x160.jpg 160w, https:\/\/www.jagd-amberg.de\/wp-content\/uploads\/2016\/04\/pr\u00e4parate2-optimiert-320x320.jpg 320w\" sizes=\"(max-width: 150px) 100vw, 150px\" \/><\/a>\n\t\t\t<\/dt><\/dl>\n\t\t\t<br style='clear: both' \/>\n\t\t<\/div>\n\n","protected":false},"excerpt":{"rendered":"<p>Wegbeschreibung In unserem Vereinsheim bei Atzlricht bzw. Lengenloh bei Amberg findet im wesentlichen unser Ausbildungslehrgang statt. Das Vereinsheim verf\u00fcgt nicht \u00fcber eine f\u00fcr ein Navigationssystem geeignete Adresse. Wir beschreiben deshalb den Anfahrtsweg nachstehend.&#46;&#46;&#46;<\/p>\n","protected":false},"author":1,"featured_media":0,"parent":0,"menu_order":0,"comment_status":"closed","ping_status":"closed","template":"","meta":[],"_links":{"self":[{"href":"https:\/\/www.jagd-amberg.de\/index.php?rest_route=\/wp\/v2\/pages\/578"}],"collection":[{"href":"https:\/\/www.jagd-amberg.de\/index.php?rest_route=\/wp\/v2\/pages"}],"about":[{"href":"https:\/\/www.jagd-amberg.de\/index.php?rest_route=\/wp\/v2\/types\/page"}],"author":[{"embeddable":true,"href":"https:\/\/www.jagd-amberg.de\/index.php?rest_route=\/wp\/v2\/users\/1"}],"replies":[{"embeddable":true,"href":"https:\/\/www.jagd-amberg.de\/index.php?rest_route=%2Fwp%2Fv2%2Fcomments&post=578"}],"version-history":[{"count":11,"href":"https:\/\/www.jagd-amberg.de\/index.php?rest_route=\/wp\/v2\/pages\/578\/revisions"}],"predecessor-version":[{"id":1164,"href":"https:\/\/www.jagd-amberg.de\/index.php?rest_route=\/wp\/v2\/pages\/578\/revisions\/1164"}],"wp:attachment":[{"href":"https:\/\/www.jagd-amberg.de\/index.php?rest_route=%2Fwp%2Fv2%2Fmedia&parent=578"}],"curies":[{"name":"wp","href":"https:\/\/api.w.org\/{rel}","templated":true}]}}