{"id":610,"date":"2016-04-27T18:09:47","date_gmt":"2016-04-27T16:09:47","guid":{"rendered":"http:\/\/jagdamberg.bplaced.net\/wordpress\/?page_id=610"},"modified":"2020-04-12T20:52:06","modified_gmt":"2020-04-12T18:52:06","slug":"junge-jaeger","status":"publish","type":"page","link":"https:\/\/www.jagd-amberg.de\/?page_id=610","title":{"rendered":"Junge J\u00e4ger"},"content":{"rendered":"<p>Im BJV z\u00e4hlen alle J\u00e4gerinnen und J\u00e4ger im Alter von 16 bis 40 Jahren zu den jungen J\u00e4gern. Sie sind die Zukunft unserer Kreisgruppe und des Verbands. Deshalb ist es uns ein Anliegen die jungen J\u00e4ger aus der Region in unseren Verein einzubinden, ihnen Hilfestellung beim Start ins J\u00e4gerdasein zu geben und den Austausch mit Gleichgesinnten zu erm\u00f6glichen. Bei Bedarf unterst\u00fctzen wir auch gern bei der Suche nach einer Jagdgelegenheit.<br \/>\nDies gilt nat\u00fcrlich auch f\u00fcr alle Jungj\u00e4ger fortgeschritteneren Alters.<\/p>\n<p>\u00dcber unseren Junge-J\u00e4ger-Beauftragten bieten wir regelm\u00e4\u00dfig interessante Aktivit\u00e4ten wie Schie\u00dfkinobesuche, Seminare, Sammelansitze und vieles mehr an.<\/p>\n<p>&nbsp;<\/p>\n<p><img class=\"alignleft\" style=\"margin-right: 40px; margin-bottom: 40px; margin-top: 0px;\" src=\"https:\/\/www.jagd-amberg.de\/wp-content\/uploads\/2020\/03\/Andreas.Geilersdoerfer.jpg\" alt=\"\" width=\"192\" align=\"top\" border=\"0\" \/><\/p>\n<h3 class=\"widget-title\">Junge-J\u00e4ger-Beauftragter<\/h3>\n<p>Andreas Geilersd\u00f6rfer, Hahnbach<br \/>\nMobil: 0175\/5710134<br \/>\nE-Mail: andreas.<!123@def!>geilersdoerfer@magenta.<!123@def!>de<br \/>\nInstagram: @hunting.with.passion<\/p>\n<div style=\"clear: both;\">\n<Kommentar: die Zeichenfolge !123@def! dient als Spamschutz durch Unterbinden des automatischen Auslesens der E-Mail-Adresse><\/p>\n<p>&nbsp;<\/p>\n<hr style=\"height: 1px; width: 100%; border: 0; margin-bottom: 15px; margin-top: 0px;\" \/>\n<p><a href=\"https:\/\/www.jagd-amberg.de\/?tribe_paged=1&amp;tribe_event_display=list&amp;eventDisplay=list&amp;post_type=tribe_events&amp;tribe-bar-search=Junge+J%C3%A4ger\">Aktuelle Veranstaltungen der Jungen J\u00e4ger<\/a><\/p>\n<hr style=\"height: 1px; width: 100%; border: 0; margin-bottom: 15px; margin-top: 0px;\" \/>\n<p><a href=\"https:\/\/www.jagd-amberg.de\/?cat=66\">Aktuelle Meldungen der Jungen J\u00e4ger<\/a><\/p>\n<hr style=\"height: 1px; width: 100%; border: 0; margin-bottom: 10px; margin-top: 0px;\" \/>\n<\/div>\n","protected":false},"excerpt":{"rendered":"<p>Im BJV z\u00e4hlen alle J\u00e4gerinnen und J\u00e4ger im Alter von 16 bis 40 Jahren zu den jungen J\u00e4gern. Sie sind die Zukunft unserer Kreisgruppe und des Verbands. Deshalb ist es uns ein Anliegen&#46;&#46;&#46;<\/p>\n","protected":false},"author":1,"featured_media":0,"parent":0,"menu_order":0,"comment_status":"closed","ping_status":"closed","template":"","meta":[],"_links":{"self":[{"href":"https:\/\/www.jagd-amberg.de\/index.php?rest_route=\/wp\/v2\/pages\/610"}],"collection":[{"href":"https:\/\/www.jagd-amberg.de\/index.php?rest_route=\/wp\/v2\/pages"}],"about":[{"href":"https:\/\/www.jagd-amberg.de\/index.php?rest_route=\/wp\/v2\/types\/page"}],"author":[{"embeddable":true,"href":"https:\/\/www.jagd-amberg.de\/index.php?rest_route=\/wp\/v2\/users\/1"}],"replies":[{"embeddable":true,"href":"https:\/\/www.jagd-amberg.de\/index.php?rest_route=%2Fwp%2Fv2%2Fcomments&post=610"}],"version-history":[{"count":17,"href":"https:\/\/www.jagd-amberg.de\/index.php?rest_route=\/wp\/v2\/pages\/610\/revisions"}],"predecessor-version":[{"id":2565,"href":"https:\/\/www.jagd-amberg.de\/index.php?rest_route=\/wp\/v2\/pages\/610\/revisions\/2565"}],"wp:attachment":[{"href":"https:\/\/www.jagd-amberg.de\/index.php?rest_route=%2Fwp%2Fv2%2Fmedia&parent=610"}],"curies":[{"name":"wp","href":"https:\/\/api.w.org\/{rel}","templated":true}]}}