{"id":687,"date":"2016-05-16T13:14:15","date_gmt":"2016-05-16T11:14:15","guid":{"rendered":"http:\/\/jagdamberg.bplaced.net\/wordpress\/?page_id=687"},"modified":"2022-05-26T19:02:47","modified_gmt":"2022-05-26T17:02:47","slug":"jagd-angewandter-naturschutz","status":"publish","type":"page","link":"https:\/\/www.jagd-amberg.de\/?page_id=687","title":{"rendered":"Jagd &#8211; angewandter Naturschutz"},"content":{"rendered":"<h4>Rechtliche Grundlagen<\/h4>\n<p>Trockene Materie &#8211; denkt man \u2013 aber fast alles Handeln in unserer Gesellschaft ist begleitet von rechtlichen Regeln. So auch die Beziehung der Jagd zur Natur:<\/p>\n<p>Das <a href=\"http:\/\/www.gesetze-im-internet.de\/bundesrecht\/bjagdg\/gesamt.pdf\">Bundesjagdgesetz<\/a> fordert in <strong>\u00a71 BJagdG<\/strong> die mit dem Jagdrecht verbundene <strong>Pflicht zur Hege.<\/strong><\/p>\n<p>Die Hege, so hei\u00dft es im Gesetzestext weiter, \u2026hat zum <em>Ziel<\/em> die Erhaltung eines den landschaftlichen und landeskulturellen Verh\u00e4ltnissen angepassten <em>artenreichen und gesunden Wildbestandes sowie die Pflege und Sicherung seiner Lebensgrundlagen.<\/em><\/p>\n<p>Etwas konkretere Forderungen stellt das Bayerische Jagdgesetz (BayJG) an die J\u00e4ger:<\/p>\n<p>In den Grunds\u00e4tzen (<strong>Art 1 BayJG<\/strong>) wird als Gesetzeszweck vorgegeben:<\/p>\n<ul>\n<li>Die <em>freilebende Tierwelt<\/em> ist wesentlicher Bestandteil der heimischen Natur. Sie ist als Teil des nat\u00fcrlichen Wirkungsgef\u00fcges in ihrer Vielfalt zu <em>bewahren<\/em>.<\/li>\n<li>Die <em>nat\u00fcrlichen Lebensgrundlagen<\/em> des Wildes sind zu sichern und zu <em>verbessern.<\/em><\/li>\n<li>die jagdlichen Interessen mit den sonstigen \u00f6ffentlichen Belangen, insbesondere mit den Belangen der Landeskultur, des Naturschutzes und der Landschaftspflege auszugleichen.<\/li>\n<\/ul>\n<p><a href=\"https:\/\/www.gesetze-bayern.de\/Content\/Document\/BayJG-1\" target=\"_blank\" rel=\"noopener noreferrer\">BayJG: Art. 1 Gesetzeszweck &#8211; B\u00fcrgerservice (gesetze-bayern.de)<\/a><\/p>\n<p>Durch die gesetzlichen Regelungen wird deutlich, dass wir das Thema Naturschutz als origin\u00e4re Aufgabe, aber auch im Kontakt mit anderen Partnern wahrnehmen.<\/p>\n<p>Ist auch logisch:<\/p>\n<p><em>\u201eGute\u201c Wildlebensr\u00e4ume<\/em> wie extensiv genutzte Wiesen, Hecken, Ackerstreifen oder Feuchtbiotope <em>nutzen nat\u00fcrlich nicht nur dem Wild, sondern auch<\/em> einer Vielzahl sonstiger, oft schon <em>bedrohte Arten<\/em>.<\/p>\n<div id=\"attachment_769\" style=\"width: 970px\" class=\"wp-caption aligncenter\"><img aria-describedby=\"caption-attachment-769\" loading=\"lazy\" class=\"wp-image-769 size-full\" src=\"https:\/\/www.jagd-amberg.de\/wp-content\/uploads\/2016\/09\/NaturnaheStrukturreicheHeckenlandschaft.jpg\" alt=\"Naturnahe strukturreiche Heckenlandschaft\" width=\"960\" height=\"619\" srcset=\"https:\/\/www.jagd-amberg.de\/wp-content\/uploads\/2016\/09\/NaturnaheStrukturreicheHeckenlandschaft.jpg 960w, https:\/\/www.jagd-amberg.de\/wp-content\/uploads\/2016\/09\/NaturnaheStrukturreicheHeckenlandschaft-300x193.jpg 300w, https:\/\/www.jagd-amberg.de\/wp-content\/uploads\/2016\/09\/NaturnaheStrukturreicheHeckenlandschaft-768x495.jpg 768w\" sizes=\"(max-width: 960px) 100vw, 960px\" \/><p id=\"caption-attachment-769\" class=\"wp-caption-text\">Naturnahe strukturreiche Heckenlandschaft<\/p><\/div>\n<div id=\"attachment_775\" style=\"width: 970px\" class=\"wp-caption aligncenter\"><img aria-describedby=\"caption-attachment-775\" loading=\"lazy\" class=\"wp-image-775 size-full\" src=\"https:\/\/www.jagd-amberg.de\/wp-content\/uploads\/2016\/09\/WildackerExtensiverLebensraum.jpg\" alt=\"Wildacker extensiver Lebensraum\" width=\"960\" height=\"619\" srcset=\"https:\/\/www.jagd-amberg.de\/wp-content\/uploads\/2016\/09\/WildackerExtensiverLebensraum.jpg 960w, https:\/\/www.jagd-amberg.de\/wp-content\/uploads\/2016\/09\/WildackerExtensiverLebensraum-300x193.jpg 300w, https:\/\/www.jagd-amberg.de\/wp-content\/uploads\/2016\/09\/WildackerExtensiverLebensraum-768x495.jpg 768w\" sizes=\"(max-width: 960px) 100vw, 960px\" \/><p id=\"caption-attachment-775\" class=\"wp-caption-text\">Wildacker extensiver Lebensraum<\/p><\/div>\n<p>Einige Beispiele aus der Praxis zeigen wir unter &#8220;<a href=\"https:\/\/www.jagd-amberg.de\/?page_id=691\">unsere Projekte<\/a>&#8220;.<\/p>\n<h4>Tr\u00e4ger \u00f6ffentlicher Belange<\/h4>\n<p>\u00dcber den eigenen Wirkungskreis im Revier hinaus ist der BJV und damit die Kreisgruppe Amberg eine <strong>anerkannte Umwelt- und Naturschutzvereinigung<\/strong><\/p>\n<p><a href=\"https:\/\/www.stmuv.bayern.de\/themen\/naturschutz\/organisation\/naturschutzvereinigungen\/index.htm\" target=\"_blank\" rel=\"noopener noreferrer\">Umwelt- und Naturschutzvereinigungen (bayern.de)<\/a><\/p>\n<p>Als solche k\u00f6nnen wir <em>in Genehmigungsverfahren<\/em> (z.B. bei Bauleitpl\u00e4nen oder in Planfeststellungsverfahren f\u00fcr Stra\u00dfen- oder Gew\u00e4sserausbauma\u00dfnahmen) als Tr\u00e4ger \u00f6ffentlicher Belange <em>Vorhaben bewerten<\/em>, ggf. Einw\u00e4nde erheben oder z. B. Ausgleichsma\u00dfnahmen fordern.<\/p>\n<p>Wir kennen unsere Reviere wie kaum ein anderer: ob Einst\u00e4nde, Wildwechsel, Ruhezonen, ob seltene Pflanzenvorkommen oder gesch\u00fctzte Tierarten &#8211;\u00a0 Im Genehmigungsverfahren k\u00f6nnen wir die Dinge beim Namen nennen und manchen Eingriff vermeiden, mindern oder ausgleichen.<\/p>\n<h4>Ausbildung und Pr\u00fcfung<\/h4>\n<p>Die Kompetenz f\u00fcr Fragen auch aus dem Bereich Naturschutz haben wir uns durch einen seit Jahren <em>immer st\u00e4rker<u> <\/u>gewichteten<\/em> Anteil der einschl\u00e4gigen Materie in der Ausbildung angeeignet.<\/p>\n<p>So stellt der Themen-Block 6, \u201e<em>Naturschutz Land- und Waldbau<\/em>\u201c, inzwischen einen <em>Schwerpunkt der Ausbildung<\/em> \u2013 und auch der m\u00fcndlichen <em>und <\/em>schriftlichen <em>Pr\u00fcfung <\/em>dar.<\/p>\n<p>In mindestens <em>28 h Theorie plus 12 h Praxis<\/em> werden umfangreiche Kenntnisse \u00fcber die bei uns vorkommenden Pflanzen und Tiere vermittelt. Man frischt seine Kenntnisse \u00fcber B\u00e4ume des Waldes und Feldfr\u00fcchte auf und besch\u00e4ftigt sich eingehend mit Schmetterlingen, Flederm\u00e4usen, Singv\u00f6geln, Orchideen oder Amphibien.<\/p>\n<p><strong>Die Schulungsmaterialien sind \u00fcbrigens auch ausgezeichnete Nachschlagewerke und Revierg\u00e4nge mit einem kompetenten Ausbilder hat wohl jeder J\u00e4ger in bester Erinnerung\u2026<\/strong><\/p>\n<p>Wer also seine Kenntnisse testen m\u00f6chte \u2013 hier ist der aktuelle <a href=\"http:\/\/www.wildtierportal.bayern.de\/mam\/cms12\/jagd\/dateien\/sachgebiet_6_apr2016.pdf\">Pr\u00fcfungsfragenkatalog 2016 f\u00fcr Bayern<\/a>.<\/p>\n<p>So k\u00f6nnen wir, wie auch die Angler, wohl ehrlich stolz darauf sein, dass unsere<em> naturschutzfachliche Kompetenz durch Ausbildung und Pr\u00fcfung belegt<\/em> ist.<\/p>\n<p>Und nicht zu Letzt gibt es auch im BJV eine Reihe von einschl\u00e4gigen Schulungsangeboten und Veranstaltungen mit der M\u00f6glichkeit, das Wissen zu vertiefen: <a href=\"https:\/\/www.jagd-bayern.de\/aus-und-weiterbildung\/landesjagdschule\/aktuelle-kurse-und-jahresprogramm\">zum Kursprogramm der Landesjagdschule<\/a>.<\/p>\n","protected":false},"excerpt":{"rendered":"<p>Rechtliche Grundlagen Trockene Materie &#8211; denkt man \u2013 aber fast alles Handeln in unserer Gesellschaft ist begleitet von rechtlichen Regeln. So auch die Beziehung der Jagd zur Natur: Das Bundesjagdgesetz fordert in \u00a71&#46;&#46;&#46;<\/p>\n","protected":false},"author":1,"featured_media":0,"parent":0,"menu_order":0,"comment_status":"closed","ping_status":"closed","template":"","meta":[],"_links":{"self":[{"href":"https:\/\/www.jagd-amberg.de\/index.php?rest_route=\/wp\/v2\/pages\/687"}],"collection":[{"href":"https:\/\/www.jagd-amberg.de\/index.php?rest_route=\/wp\/v2\/pages"}],"about":[{"href":"https:\/\/www.jagd-amberg.de\/index.php?rest_route=\/wp\/v2\/types\/page"}],"author":[{"embeddable":true,"href":"https:\/\/www.jagd-amberg.de\/index.php?rest_route=\/wp\/v2\/users\/1"}],"replies":[{"embeddable":true,"href":"https:\/\/www.jagd-amberg.de\/index.php?rest_route=%2Fwp%2Fv2%2Fcomments&post=687"}],"version-history":[{"count":32,"href":"https:\/\/www.jagd-amberg.de\/index.php?rest_route=\/wp\/v2\/pages\/687\/revisions"}],"predecessor-version":[{"id":2559,"href":"https:\/\/www.jagd-amberg.de\/index.php?rest_route=\/wp\/v2\/pages\/687\/revisions\/2559"}],"wp:attachment":[{"href":"https:\/\/www.jagd-amberg.de\/index.php?rest_route=%2Fwp%2Fv2%2Fmedia&parent=687"}],"curies":[{"name":"wp","href":"https:\/\/api.w.org\/{rel}","templated":true}]}}