{"id":689,"date":"2016-05-16T13:14:29","date_gmt":"2016-05-16T11:14:29","guid":{"rendered":"http:\/\/jagdamberg.bplaced.net\/wordpress\/?page_id=689"},"modified":"2024-11-07T21:14:18","modified_gmt":"2024-11-07T20:14:18","slug":"massnahmen","status":"publish","type":"page","link":"https:\/\/www.jagd-amberg.de\/?page_id=689","title":{"rendered":"Zusammenarbeit"},"content":{"rendered":"<h4>Teamarbeit<\/h4>\n<p>Das ist wohl das entscheidende Stichwort bei allen Bem\u00fchungen um Wildhege und Naturschutz.<\/p>\n<p>Man braucht immer das Einvernehmen mit dem Grundst\u00fccksbesitzer oder \u2013nutzer, seien es forst-, wasser- oder landwirtschaftlich genutzte Fl\u00e4chen.<\/p>\n<p>An erster Stelle steht somit die <strong>Zusammenarbeit<\/strong> mit der <strong>Jagdgenossenschaft<\/strong> oder einzelnen <strong>Landwirten.<\/strong><\/p>\n<p>Beispiele f\u00fcr die Vereinbarung von Schu\u00dfschneisen oder Bl\u00fchstreifen finden sich heute in vielen Revieren. Sie helfen bei der Vermeidung von Wildsch\u00e4den und der Schaffung von abwechslungsreichen Strukturen im Lebensraum gleicherma\u00dfen.<\/p>\n<div id=\"attachment_790\" style=\"width: 1034px\" class=\"wp-caption aligncenter\"><img aria-describedby=\"caption-attachment-790\" loading=\"lazy\" class=\"wp-image-790 size-large\" src=\"https:\/\/www.jagd-amberg.de\/wp-content\/uploads\/2016\/05\/schussschneisen-1024x667.jpg\" alt=\"Schu\u00dfschneise\" width=\"1024\" height=\"667\" srcset=\"https:\/\/www.jagd-amberg.de\/wp-content\/uploads\/2016\/05\/schussschneisen-1024x667.jpg 1024w, https:\/\/www.jagd-amberg.de\/wp-content\/uploads\/2016\/05\/schussschneisen-300x195.jpg 300w, https:\/\/www.jagd-amberg.de\/wp-content\/uploads\/2016\/05\/schussschneisen-768x500.jpg 768w, https:\/\/www.jagd-amberg.de\/wp-content\/uploads\/2016\/05\/schussschneisen.jpg 1386w\" sizes=\"(max-width: 1024px) 100vw, 1024px\" \/><p id=\"caption-attachment-790\" class=\"wp-caption-text\">Schu\u00dfschneise<\/p><\/div>\n<p>Auch die einfachsten Schu\u00dfschneisen bremsen die Erosion und gliedern die Landschaft<\/p>\n<h2>\u00a0<\/h2>\n<div id=\"attachment_789\" style=\"width: 1034px\" class=\"wp-caption aligncenter\"><img aria-describedby=\"caption-attachment-789\" loading=\"lazy\" class=\"wp-image-789 size-large\" src=\"https:\/\/www.jagd-amberg.de\/wp-content\/uploads\/2016\/05\/bluehstreifen-1024x557.jpg\" alt=\"Bl\u00fchstreifen\" width=\"1024\" height=\"557\" srcset=\"https:\/\/www.jagd-amberg.de\/wp-content\/uploads\/2016\/05\/bluehstreifen-1024x557.jpg 1024w, https:\/\/www.jagd-amberg.de\/wp-content\/uploads\/2016\/05\/bluehstreifen-300x163.jpg 300w, https:\/\/www.jagd-amberg.de\/wp-content\/uploads\/2016\/05\/bluehstreifen-768x418.jpg 768w, https:\/\/www.jagd-amberg.de\/wp-content\/uploads\/2016\/05\/bluehstreifen.jpg 1386w\" sizes=\"(max-width: 1024px) 100vw, 1024px\" \/><p id=\"caption-attachment-789\" class=\"wp-caption-text\">Bl\u00fchstreifen, selbst wenn \u201enur\u201c Sonnenblumen ges\u00e4t wurden, tragen zur Bereicherung der Wildlebensr\u00e4ume bei.<\/p><\/div>\n<p>Bl\u00fchstreifen wirken umso mehr, wenn sie nicht \u2013 wie meistens &#8211; entlang von Stra\u00dfen sondern davon abgesetzt errichtet werden.<\/p>\n<p>Eine \u201eneue Institution\u201c und in dieser Beziehung beste Unterst\u00fctzung ist seit 2015 der <strong>Wildlebensraumberater<\/strong>.<\/p>\n<p>F\u00fcr unseren Bereich ist dies am Amt f\u00fcr Ern\u00e4hrung, Landwirtschaft und Forsten (AELF) in Amberg-Neumarkt als Nachfolger von Herrn Balduin Sch\u00f6nberger:<\/p>\n<p><strong>Herr Matthias Feierler<\/strong><br \/>AELF Amberg-Neumarkt i.d.Opf.<br \/>Hockerm\u00fchlstra\u00dfe 53<br \/>92224 Amberg<br \/>Telefon: +49 9621 6024-1101<br \/>E-Mail: <a href=\"mailto:poststelle@aelf-am.bayern.de\">poststelle@aelf-am.bayern.de<\/a><\/p>\n<p><br data-rich-text-line-break=\"true\" \/>Herr Feierler ist gerne bereit, uns bei der Verbesserung der Lebensr\u00e4ume f\u00fcr Wildtiere in unserer Agrarlandschaft beratend zu unterst\u00fctzen und zusammen mit den Beteiligten dazu praktikable L\u00f6sungen zu finden.<br data-rich-text-line-break=\"true\" \/>Herr Feierler ist wegen weiterer Aufgaben bevorzugt von Montag bis Mittwoch zu kontaktieren.<\/p>\n<p>N\u00e4here Informationen zu dieser f\u00fcr uns hoch interessanten M\u00f6glichkeit finden Sie hier: <a href=\"https:\/\/www.aelf-na.bayern.de\/landwirtschaft\/261146\/index.php\">Wildlebensraumberatung am AELF Amberg-Neumarkt i.d.Opf.<\/a><\/p>\n\n\n<p><\/p>\n","protected":false},"excerpt":{"rendered":"<p>Teamarbeit Das ist wohl das entscheidende Stichwort bei allen Bem\u00fchungen um Wildhege und Naturschutz. Man braucht immer das Einvernehmen mit dem Grundst\u00fccksbesitzer oder \u2013nutzer, seien es forst-, wasser- oder landwirtschaftlich genutzte Fl\u00e4chen. An&#46;&#46;&#46;<\/p>\n","protected":false},"author":1,"featured_media":0,"parent":0,"menu_order":0,"comment_status":"closed","ping_status":"closed","template":"","meta":[],"_links":{"self":[{"href":"https:\/\/www.jagd-amberg.de\/index.php?rest_route=\/wp\/v2\/pages\/689"}],"collection":[{"href":"https:\/\/www.jagd-amberg.de\/index.php?rest_route=\/wp\/v2\/pages"}],"about":[{"href":"https:\/\/www.jagd-amberg.de\/index.php?rest_route=\/wp\/v2\/types\/page"}],"author":[{"embeddable":true,"href":"https:\/\/www.jagd-amberg.de\/index.php?rest_route=\/wp\/v2\/users\/1"}],"replies":[{"embeddable":true,"href":"https:\/\/www.jagd-amberg.de\/index.php?rest_route=%2Fwp%2Fv2%2Fcomments&post=689"}],"version-history":[{"count":35,"href":"https:\/\/www.jagd-amberg.de\/index.php?rest_route=\/wp\/v2\/pages\/689\/revisions"}],"predecessor-version":[{"id":3588,"href":"https:\/\/www.jagd-amberg.de\/index.php?rest_route=\/wp\/v2\/pages\/689\/revisions\/3588"}],"wp:attachment":[{"href":"https:\/\/www.jagd-amberg.de\/index.php?rest_route=%2Fwp%2Fv2%2Fmedia&parent=689"}],"curies":[{"name":"wp","href":"https:\/\/api.w.org\/{rel}","templated":true}]}}