{"id":691,"date":"2016-05-16T13:14:55","date_gmt":"2016-05-16T11:14:55","guid":{"rendered":"http:\/\/jagdamberg.bplaced.net\/wordpress\/?page_id=691"},"modified":"2024-12-19T17:03:03","modified_gmt":"2024-12-19T16:03:03","slug":"wildland","status":"publish","type":"page","link":"https:\/\/www.jagd-amberg.de\/?page_id=691","title":{"rendered":"Unsere Projekte"},"content":{"rendered":"<div id=\"attachment_808\" style=\"width: 407px\" class=\"wp-caption aligncenter\"><img aria-describedby=\"caption-attachment-808\" loading=\"lazy\" class=\"wp-image-808 size-full\" src=\"https:\/\/www.jagd-amberg.de\/wp-content\/uploads\/2016\/05\/WildlandStiftungBayern.png\" alt=\"Wildland Stiftung Bayern Logo\" width=\"397\" height=\"86\" srcset=\"https:\/\/www.jagd-amberg.de\/wp-content\/uploads\/2016\/05\/WildlandStiftungBayern.png 397w, https:\/\/www.jagd-amberg.de\/wp-content\/uploads\/2016\/05\/WildlandStiftungBayern-300x65.png 300w\" sizes=\"(max-width: 397px) 100vw, 397px\" \/><p id=\"caption-attachment-808\" class=\"wp-caption-text\">WildlandStiftungBayern<\/p><\/div>\n<p>Die <strong>Wildland-Stiftung Bayern e. V.<\/strong> (Gegr\u00fcndet 2005) ist die Naturschutzeinrichtung des Bayerischen Jagdverbandes.<\/p>\n<p><a href=\"http:\/\/www.wildland-bayern.de\/\">http:\/\/www.wildland-bayern.de\/<\/a><\/p>\n<p>Stiftungszweck ist im Wesentlichen der Schutz frei lebender Tiere sowie Naturschutz und Landschaftspflege.<\/p>\n<p>Dies geschieht zum einen durch die F\u00f6rderung von einschl\u00e4gigen wissenschaftlichen Arbeiten und allgemeine Aufkl\u00e4rungsarbeit.<\/p>\n<p>Die Stiftung stellt dazu auch hervorragende Materialien zur Verf\u00fcgung die wir bei eigenen Veranstaltungen im Revier einsetzen k\u00f6nnen.<\/p>\n<p>Siehe\u00a0\u00a0 <a href=\"http:\/\/www.wildland-bayern.de\/themen\/service\/\">http:\/\/www.wildland-bayern.de\/themen\/service\/<\/a><\/p>\n<p>Der eigentliche Schwerpunkt ist jedoch der Erwerb, die Renaturierung und die\u00a0\u00a0 Betreuung naturnaher Fl\u00e4chen als Lebensraum wild lebender \u2013 seltener\u00a0 &#8211; Tiere.<\/p>\n<p>Dazu werden neben F\u00f6rdermitteln und Zuweisungen auch Spenden verwendet.<\/p>\n<div id=\"attachment_835\" style=\"width: 826px\" class=\"wp-caption aligncenter\"><img aria-describedby=\"caption-attachment-835\" loading=\"lazy\" class=\"wp-image-835 size-full\" src=\"https:\/\/www.jagd-amberg.de\/wp-content\/uploads\/2016\/09\/lebensraum-wiese.jpg\" alt=\"Lebensraum Wiese\" width=\"816\" height=\"612\" srcset=\"https:\/\/www.jagd-amberg.de\/wp-content\/uploads\/2016\/09\/lebensraum-wiese.jpg 816w, https:\/\/www.jagd-amberg.de\/wp-content\/uploads\/2016\/09\/lebensraum-wiese-300x225.jpg 300w, https:\/\/www.jagd-amberg.de\/wp-content\/uploads\/2016\/09\/lebensraum-wiese-768x576.jpg 768w\" sizes=\"(max-width: 816px) 100vw, 816px\" \/><p id=\"caption-attachment-835\" class=\"wp-caption-text\">Lebensraum Wiese<\/p><\/div>\n<p class=\"wp-caption-text\">Lebensraum Wiese<\/p>\n<p>2016\/2017 ist f\u00fcr BJV und Stiftung\u00a0 der Lebensraum Wiese Schwerpunktthema<\/p>\n<h4>BJV Kreisgruppe Amberg und Wildland &#8211; Stiftung<\/h4>\n<p>Auch in unserem Bereich existieren einige Projekte; sie werden von der Kreisgruppe in enger Zusammenarbeit mit der Stiftung und der Unteren Naturschutzbeh\u00f6rde<\/p>\n<ul>\n<li data-aria-level=\"1\" data-aria-posinset=\"0\" data-listid=\"1\"><a href=\"http:\/\/www.kreis-as.de\/Unser-Landkreis\/Natur-Umwelt\/Naturschutz\">http:\/\/www.kreis-as.de\/Unser-Landkreis\/Natur-Umwelt\/Naturschutz<\/a><\/li>\n<\/ul>\n<p>sowie dem Landschaftspflegeverband Amberg-Sulzbach betreut.<\/p>\n<div id=\"attachment_817\" style=\"width: 128px\" class=\"wp-caption aligncenter\"><img aria-describedby=\"caption-attachment-817\" loading=\"lazy\" class=\"wp-image-817 size-full\" src=\"https:\/\/www.jagd-amberg.de\/wp-content\/uploads\/2016\/05\/landschaftspflegeverband-amberg-sulzbach.png\" alt=\"Landschaftspflegeverband Amberg-Sulzbach\" width=\"118\" height=\"97\" \/><p id=\"caption-attachment-817\" class=\"wp-caption-text\">Landschaftspflegeverband Amberg-Sulzbach<\/p><\/div>\n<ul>\n<li data-aria-level=\"1\" data-aria-posinset=\"0\" data-listid=\"1\"><a href=\"http:\/\/www.juradistl.de\/index.php?id=101\">http:\/\/www.juradistl.de\/index.php?id=101<\/a><\/li>\n<\/ul>\n<p>Unsere Fl\u00e4chen liegen bisher alle im \u00f6stlichen Landkreis.<\/p>\n<h3 class=\"widget-title\">Immenstetten<\/h3>\n<p><script type=\"text\/javascript\">\/\/ <![CDATA[\nmapp.data.push( {\"mapid\":\"5\",\"width\":640,\"height\":480,\"zoom\":13,\"center\":{\"lat\":49.469116046125,\"lng\":11.874175162891},\"mapTypeId\":\"hybrid\",\"title\":\"Immenstetten\",\"metaKey\":null,\"query\":null,\"queryResult\":null,\"pois\":[{\"address\":\"Immenstetten, 92272 Freudenberg, Deutschland\",\"body\":\"\n92272 Freudenberg, Deutschland<\\\/p>\\n\",\"correctedAddress\":\"Immenstetten, 92272 Freudenberg, Deutschland\",\"iconid\":null,\"point\":{\"lat\":49.479879968177,\"lng\":11.888079734424},\"poly\":null,\"kml\":null,\"title\":\"Immenstetten\",\"type\":null,\"viewport\":null,\"postid\":null,\"url\":null,\"html\":\"\n\n\n\n\n\n\n\n\n\n\n\n\n\n\n\n\n\n\n\n\n<div class='mapp-iw'>\n\n\n\n\n\n\n\n\n\n\n\n\n\n\n\n\n\n\n\n\n<div class='mapp-title'>Immenstetten<\\\/div>\n\n\n\n\n\n\n\n\n\n\n\n\n\n\n\n\n\n\n\n\n<div class='mapp-body'>\n92272 Freudenberg, Deutschland<\\\/p>\\n<\\\/div>\n\n\n\n\n\n\n\n\n\n\n\n\n\n\n\n\n\n\n\n\n<div class='mapp-links'>\n<a href='#' onclick = 'mapp58a02c2246972.openDirections(\\\"\\\", mapp58a02c2246972.getPoi(0), 1); return false;'>Wegbeschreibung hierher<\\\/a>&nbsp;&nbsp;<a href='#' onclick='mapp58a02c2246972.getPoi(0).zoomIn(); return false;'>Zoom<\\\/a><\\\/div><\\\/div>\"}],\"options\":{\"adaptive\":false,\"alignment\":\"\",\"autoicons\":null,\"apiKey\":\"AIzaSyDih_cyyjT8b0heBGuvMCr_iSIcgTM1BXM\",\"apiKeyServer\":\"\",\"autodisplay\":\"top\",\"bicycling\":false,\"bigWidth\":\"100%\",\"bigHeight\":\"400px\",\"connect\":null,\"country\":\"\",\"css\":true,\"defaultIcon\":null,\"directions\":\"google\",\"directionsServer\":\"https:\\\/\\\/maps.google.com\",\"directionsUnits\":\"\",\"draggable\":true,\"editable\":false,\"footer\":true,\"from\":null,\"geocoders\":[\"google\"],\"hidden\":false,\"hideEmpty\":false,\"iconScale\":null,\"initialBicycling\":false,\"initialOpenDirections\":false,\"initialOpenInfo\":false,\"initialTraffic\":false,\"initialTransit\":false,\"iwType\":\"iw\",\"keyboardShortcuts\":true,\"language\":\"\",\"mapLinks\":[],\"mapTypeControl\":true,\"mapTypeControlStyle\":\"0\",\"mapTypeId\":\"hybrid\",\"mapTypeIds\":[\"roadmap\",\"satellite\",\"terrain\",\"hybrid\"],\"mashupTitle\":\"poi\",\"mashupBody\":\"poi\",\"mashupClick\":\"poi\",\"mashupLink\":true,\"maxZoom\":null,\"minZoom\":null,\"metaKey\":null,\"metaKeyAddress\":[],\"metaKeyLat\":null,\"metaKeyLng\":null,\"metaKeyIconid\":null,\"metaKeyTitle\":null,\"metaKeyBody\":null,\"metaKeyZoom\":null,\"metaErrors\":true,\"metaSyncSave\":true,\"metaSyncUpdate\":false,\"name\":null,\"overviewMapControl\":true,\"overviewMapControlOpened\":false,\"panControl\":false,\"poiLinks\":[\"zoom\",\"directions_to\"],\"poiList\":false,\"poiZoom\":\"15\",\"postTypes\":[\"post\",\"page\"],\"radius\":15,\"rotateControl\":true,\"scaleControl\":false,\"scrollwheel\":false,\"search\":null,\"size\":\"2\",\"sizes\":[{\"width\":300,\"height\":300},{\"width\":425,\"height\":350},{\"width\":640,\"height\":480}],\"sort\":true,\"streetViewControl\":true,\"style\":null,\"styles\":[],\"template\":\"map_layout\",\"templateDirections\":\"map_directions\",\"templatePoi\":\"map_poi\",\"templatePoiList\":\"map_poi_list\",\"thumbs\":true,\"thumbSize\":null,\"thumbWidth\":64,\"thumbHeight\":64,\"tilt\":0,\"to\":null,\"tooltips\":true,\"transit\":false,\"traffic\":false,\"zoomControl\":true,\"zoomControlStyle\":\"0\"},\"name\":\"mapp58a02c2246972\"} ); if (typeof mapp.load != 'undefined') { mapp.load(); };<br \/>\n\/\/ ]]><\/script><\/p>\n<h3 class=\"widget-title\">Hammerbach<\/h3>\n<p><script type=\"text\/javascript\">\/\/ <![CDATA[\nmapp.data.push( {\"mapid\":\"6\",\"width\":640,\"height\":480,\"zoom\":14,\"center\":{\"lat\":49.482137896599,\"lng\":11.972047306763},\"mapTypeId\":\"hybrid\",\"title\":\"Hammerbach\",\"metaKey\":null,\"query\":null,\"queryResult\":null,\"pois\":[{\"address\":null,\"body\":\"\",\"correctedAddress\":null,\"iconid\":null,\"point\":{\"lat\":49.486766,\"lng\":11.987411},\"poly\":null,\"kml\":null,\"title\":\"Hammerbach\",\"type\":null,\"viewport\":null,\"postid\":null,\"url\":null,\"html\":\"\n\n\n\n\n\n\n\n\n\n\n\n\n\n\n\n\n\n\n\n\n<div class='mapp-iw'>\n\n\n\n\n\n\n\n\n\n\n\n\n\n\n\n\n\n\n\n\n<div class='mapp-title'>Hammerbach<\\\/div>\n\n\n\n\n\n\n\n\n\n\n\n\n\n\n\n\n\n\n\n\n<div class='mapp-body'><\\\/div>\n\n\n\n\n\n\n\n\n\n\n\n\n\n\n\n\n\n\n\n\n<div class='mapp-links'>\n<a href='#' onclick = 'mapp58a02c2246e38.openDirections(\\\"\\\", mapp58a02c2246e38.getPoi(0), 1); return false;'>Wegbeschreibung hierher<\\\/a>&nbsp;&nbsp;<a href='#' onclick='mapp58a02c2246e38.getPoi(0).zoomIn(); return false;'>Zoom<\\\/a><\\\/div><\\\/div>\"}],\"options\":{\"adaptive\":false,\"alignment\":\"\",\"autoicons\":null,\"apiKey\":\"AIzaSyDih_cyyjT8b0heBGuvMCr_iSIcgTM1BXM\",\"apiKeyServer\":\"\",\"autodisplay\":\"top\",\"bicycling\":false,\"bigWidth\":\"100%\",\"bigHeight\":\"400px\",\"connect\":null,\"country\":\"\",\"css\":true,\"defaultIcon\":null,\"directions\":\"google\",\"directionsServer\":\"https:\\\/\\\/maps.google.com\",\"directionsUnits\":\"\",\"draggable\":true,\"editable\":false,\"footer\":true,\"from\":null,\"geocoders\":[\"google\"],\"hidden\":false,\"hideEmpty\":false,\"iconScale\":null,\"initialBicycling\":false,\"initialOpenDirections\":false,\"initialOpenInfo\":false,\"initialTraffic\":false,\"initialTransit\":false,\"iwType\":\"iw\",\"keyboardShortcuts\":true,\"language\":\"\",\"mapLinks\":[],\"mapTypeControl\":true,\"mapTypeControlStyle\":\"0\",\"mapTypeId\":\"hybrid\",\"mapTypeIds\":[\"roadmap\",\"satellite\",\"terrain\",\"hybrid\"],\"mashupTitle\":\"poi\",\"mashupBody\":\"poi\",\"mashupClick\":\"poi\",\"mashupLink\":true,\"maxZoom\":null,\"minZoom\":null,\"metaKey\":null,\"metaKeyAddress\":[],\"metaKeyLat\":null,\"metaKeyLng\":null,\"metaKeyIconid\":null,\"metaKeyTitle\":null,\"metaKeyBody\":null,\"metaKeyZoom\":null,\"metaErrors\":true,\"metaSyncSave\":true,\"metaSyncUpdate\":false,\"name\":null,\"overviewMapControl\":true,\"overviewMapControlOpened\":false,\"panControl\":false,\"poiLinks\":[\"zoom\",\"directions_to\"],\"poiList\":false,\"poiZoom\":\"15\",\"postTypes\":[\"post\",\"page\"],\"radius\":15,\"rotateControl\":true,\"scaleControl\":false,\"scrollwheel\":false,\"search\":null,\"size\":\"2\",\"sizes\":[{\"width\":300,\"height\":300},{\"width\":425,\"height\":350},{\"width\":640,\"height\":480}],\"sort\":true,\"streetViewControl\":true,\"style\":null,\"styles\":[],\"template\":\"map_layout\",\"templateDirections\":\"map_directions\",\"templatePoi\":\"map_poi\",\"templatePoiList\":\"map_poi_list\",\"thumbs\":true,\"thumbSize\":null,\"thumbWidth\":64,\"thumbHeight\":64,\"tilt\":0,\"to\":null,\"tooltips\":true,\"transit\":false,\"traffic\":false,\"zoomControl\":true,\"zoomControlStyle\":\"0\"},\"name\":\"mapp58a02c2246e38\"} ); if (typeof mapp.load != 'undefined') { mapp.load(); };<br \/>\n\/\/ ]]><\/script><\/p>\n<h3 class=\"widget-title\">Hennenbach<\/h3>\n<p><script type=\"text\/javascript\">\/\/ <![CDATA[\nmapp.data.push( {\"mapid\":\"7\",\"width\":640,\"height\":480,\"zoom\":14,\"center\":{\"lat\":49.48754723736,\"lng\":11.997582100525},\"mapTypeId\":\"hybrid\",\"title\":\"Hennenbach\",\"metaKey\":null,\"query\":null,\"queryResult\":null,\"pois\":[{\"address\":null,\"body\":\"\",\"correctedAddress\":null,\"iconid\":null,\"point\":{\"lat\":49.488467215204,\"lng\":11.998397492065},\"poly\":null,\"kml\":null,\"title\":\"49.4867,11.9981\",\"type\":null,\"viewport\":null,\"postid\":null,\"url\":null,\"html\":\"\n\n\n\n\n\n\n\n\n\n\n\n\n\n\n\n\n\n\n\n\n<div class='mapp-iw'>\n\n\n\n\n\n\n\n\n\n\n\n\n\n\n\n\n\n\n\n\n<div class='mapp-title'>49.4867,11.9981<\\\/div>\n\n\n\n\n\n\n\n\n\n\n\n\n\n\n\n\n\n\n\n\n<div class='mapp-body'><\\\/div>\n\n\n\n\n\n\n\n\n\n\n\n\n\n\n\n\n\n\n\n\n<div class='mapp-links'>\n<a href='#' onclick = 'mapp58a02c2247177.openDirections(\\\"\\\", mapp58a02c2247177.getPoi(0), 1); return false;'>Wegbeschreibung hierher<\\\/a>&nbsp;&nbsp;<a href='#' onclick='mapp58a02c2247177.getPoi(0).zoomIn(); return false;'>Zoom<\\\/a><\\\/div><\\\/div>\"}],\"options\":{\"adaptive\":false,\"alignment\":\"\",\"autoicons\":null,\"apiKey\":\"AIzaSyDih_cyyjT8b0heBGuvMCr_iSIcgTM1BXM\",\"apiKeyServer\":\"\",\"autodisplay\":\"top\",\"bicycling\":false,\"bigWidth\":\"100%\",\"bigHeight\":\"400px\",\"connect\":null,\"country\":\"\",\"css\":true,\"defaultIcon\":null,\"directions\":\"google\",\"directionsServer\":\"https:\\\/\\\/maps.google.com\",\"directionsUnits\":\"\",\"draggable\":true,\"editable\":false,\"footer\":true,\"from\":null,\"geocoders\":[\"google\"],\"hidden\":false,\"hideEmpty\":false,\"iconScale\":null,\"initialBicycling\":false,\"initialOpenDirections\":false,\"initialOpenInfo\":false,\"initialTraffic\":false,\"initialTransit\":false,\"iwType\":\"iw\",\"keyboardShortcuts\":true,\"language\":\"\",\"mapLinks\":[],\"mapTypeControl\":true,\"mapTypeControlStyle\":\"0\",\"mapTypeId\":\"hybrid\",\"mapTypeIds\":[\"roadmap\",\"satellite\",\"terrain\",\"hybrid\"],\"mashupTitle\":\"poi\",\"mashupBody\":\"poi\",\"mashupClick\":\"poi\",\"mashupLink\":true,\"maxZoom\":null,\"minZoom\":null,\"metaKey\":null,\"metaKeyAddress\":[],\"metaKeyLat\":null,\"metaKeyLng\":null,\"metaKeyIconid\":null,\"metaKeyTitle\":null,\"metaKeyBody\":null,\"metaKeyZoom\":null,\"metaErrors\":true,\"metaSyncSave\":true,\"metaSyncUpdate\":false,\"name\":null,\"overviewMapControl\":true,\"overviewMapControlOpened\":false,\"panControl\":false,\"poiLinks\":[\"zoom\",\"directions_to\"],\"poiList\":false,\"poiZoom\":\"15\",\"postTypes\":[\"post\",\"page\"],\"radius\":15,\"rotateControl\":true,\"scaleControl\":false,\"scrollwheel\":false,\"search\":null,\"size\":\"2\",\"sizes\":[{\"width\":300,\"height\":300},{\"width\":425,\"height\":350},{\"width\":640,\"height\":480}],\"sort\":true,\"streetViewControl\":true,\"style\":null,\"styles\":[],\"template\":\"map_layout\",\"templateDirections\":\"map_directions\",\"templatePoi\":\"map_poi\",\"templatePoiList\":\"map_poi_list\",\"thumbs\":true,\"thumbSize\":null,\"thumbWidth\":64,\"thumbHeight\":64,\"tilt\":0,\"to\":null,\"tooltips\":true,\"transit\":false,\"traffic\":false,\"zoomControl\":true,\"zoomControlStyle\":\"0\"},\"name\":\"mapp58a02c2247177\"} ); if (typeof mapp.load != 'undefined') { mapp.load(); };<br \/>\n\/\/ ]]><\/script><\/p>\n<h3 class=\"widget-title\">Hennenbach II<\/h3>\n<p><script type=\"text\/javascript\">\/\/ <![CDATA[\nmapp.data.push( {\"mapid\":\"8\",\"width\":640,\"height\":480,\"zoom\":14,\"center\":{\"lat\":49.481943460076,\"lng\":11.984278751221},\"mapTypeId\":\"hybrid\",\"title\":\"Hennenbach II\",\"metaKey\":null,\"query\":null,\"queryResult\":null,\"pois\":[{\"address\":null,\"body\":\"\",\"correctedAddress\":null,\"iconid\":null,\"point\":{\"lat\":49.486014,\"lng\":11.99784},\"poly\":null,\"kml\":null,\"title\":\"Hennenbach II\",\"type\":null,\"viewport\":null,\"postid\":null,\"url\":null,\"html\":\"\n\n\n\n\n\n\n\n\n\n\n\n\n\n\n\n\n\n\n\n\n<div class='mapp-iw'>\n\n\n\n\n\n\n\n\n\n\n\n\n\n\n\n\n\n\n\n\n<div class='mapp-title'>Hennenbach II<\\\/div>\n\n\n\n\n\n\n\n\n\n\n\n\n\n\n\n\n\n\n\n\n<div class='mapp-body'><\\\/div>\n\n\n\n\n\n\n\n\n\n\n\n\n\n\n\n\n\n\n\n\n<div class='mapp-links'>\n<a href='#' onclick = 'mapp58a02c22474a1.openDirections(\\\"\\\", mapp58a02c22474a1.getPoi(0), 1); return false;'>Wegbeschreibung hierher<\\\/a>&nbsp;&nbsp;<a href='#' onclick='mapp58a02c22474a1.getPoi(0).zoomIn(); return false;'>Zoom<\\\/a><\\\/div><\\\/div>\"}],\"options\":{\"adaptive\":false,\"alignment\":\"\",\"autoicons\":null,\"apiKey\":\"AIzaSyDih_cyyjT8b0heBGuvMCr_iSIcgTM1BXM\",\"apiKeyServer\":\"\",\"autodisplay\":\"top\",\"bicycling\":false,\"bigWidth\":\"100%\",\"bigHeight\":\"400px\",\"connect\":null,\"country\":\"\",\"css\":true,\"defaultIcon\":null,\"directions\":\"google\",\"directionsServer\":\"https:\\\/\\\/maps.google.com\",\"directionsUnits\":\"\",\"draggable\":true,\"editable\":false,\"footer\":true,\"from\":null,\"geocoders\":[\"google\"],\"hidden\":false,\"hideEmpty\":false,\"iconScale\":null,\"initialBicycling\":false,\"initialOpenDirections\":false,\"initialOpenInfo\":false,\"initialTraffic\":false,\"initialTransit\":false,\"iwType\":\"iw\",\"keyboardShortcuts\":true,\"language\":\"\",\"mapLinks\":[],\"mapTypeControl\":true,\"mapTypeControlStyle\":\"0\",\"mapTypeId\":\"hybrid\",\"mapTypeIds\":[\"roadmap\",\"satellite\",\"terrain\",\"hybrid\"],\"mashupTitle\":\"poi\",\"mashupBody\":\"poi\",\"mashupClick\":\"poi\",\"mashupLink\":true,\"maxZoom\":null,\"minZoom\":null,\"metaKey\":null,\"metaKeyAddress\":[],\"metaKeyLat\":null,\"metaKeyLng\":null,\"metaKeyIconid\":null,\"metaKeyTitle\":null,\"metaKeyBody\":null,\"metaKeyZoom\":null,\"metaErrors\":true,\"metaSyncSave\":true,\"metaSyncUpdate\":false,\"name\":null,\"overviewMapControl\":true,\"overviewMapControlOpened\":false,\"panControl\":false,\"poiLinks\":[\"zoom\",\"directions_to\"],\"poiList\":false,\"poiZoom\":\"15\",\"postTypes\":[\"post\",\"page\"],\"radius\":15,\"rotateControl\":true,\"scaleControl\":false,\"scrollwheel\":false,\"search\":null,\"size\":\"2\",\"sizes\":[{\"width\":300,\"height\":300},{\"width\":425,\"height\":350},{\"width\":640,\"height\":480}],\"sort\":true,\"streetViewControl\":true,\"style\":null,\"styles\":[],\"template\":\"map_layout\",\"templateDirections\":\"map_directions\",\"templatePoi\":\"map_poi\",\"templatePoiList\":\"map_poi_list\",\"thumbs\":true,\"thumbSize\":null,\"thumbWidth\":64,\"thumbHeight\":64,\"tilt\":0,\"to\":null,\"tooltips\":true,\"transit\":false,\"traffic\":false,\"zoomControl\":true,\"zoomControlStyle\":\"0\"},\"name\":\"mapp58a02c22474a1\"} ); if (typeof mapp.load != 'undefined') { mapp.load(); };<br \/>\n\/\/ ]]><\/script>1.) Fl\u00e4che bei Immenstetten; Schilfbestandener Amphibient\u00fcmpel und Retentionsraum am Krumbach. In der kleinen Geh\u00f6lzgruppe Rehwildeinstand<\/p>\n<div id=\"attachment_821\" style=\"width: 1034px\" class=\"wp-caption aligncenter\"><img aria-describedby=\"caption-attachment-821\" loading=\"lazy\" class=\"wp-image-821 size-large\" src=\"https:\/\/www.jagd-amberg.de\/wp-content\/uploads\/2016\/09\/retentionsraum-krumbach-1024x575.jpg\" alt=\"Retentionsraum Krumbach\" width=\"1024\" height=\"575\" srcset=\"https:\/\/www.jagd-amberg.de\/wp-content\/uploads\/2016\/09\/retentionsraum-krumbach-1024x575.jpg 1024w, https:\/\/www.jagd-amberg.de\/wp-content\/uploads\/2016\/09\/retentionsraum-krumbach-300x168.jpg 300w, https:\/\/www.jagd-amberg.de\/wp-content\/uploads\/2016\/09\/retentionsraum-krumbach-768x431.jpg 768w, https:\/\/www.jagd-amberg.de\/wp-content\/uploads\/2016\/09\/retentionsraum-krumbach.jpg 1213w\" sizes=\"(max-width: 1024px) 100vw, 1024px\" \/><p id=\"caption-attachment-821\" class=\"wp-caption-text\">Retentionsraum Krumbach<\/p><\/div>\n<p class=\"wp-caption-text\">Retentionsraum Krumbach<\/p>\n<p>2.) Hammerbach, Teichfl\u00e4che und Bruchwald, auch Brutrevier von Reiherenten<\/p>\n<div id=\"attachment_819\" style=\"width: 1034px\" class=\"wp-caption aligncenter\"><img aria-describedby=\"caption-attachment-819\" loading=\"lazy\" class=\"wp-image-819 size-large\" src=\"https:\/\/www.jagd-amberg.de\/wp-content\/uploads\/2016\/09\/hammerbach-1024x575.jpg\" alt=\"Hammerbach\" width=\"1024\" height=\"575\" srcset=\"https:\/\/www.jagd-amberg.de\/wp-content\/uploads\/2016\/09\/hammerbach-1024x575.jpg 1024w, https:\/\/www.jagd-amberg.de\/wp-content\/uploads\/2016\/09\/hammerbach-300x168.jpg 300w, https:\/\/www.jagd-amberg.de\/wp-content\/uploads\/2016\/09\/hammerbach-768x431.jpg 768w, https:\/\/www.jagd-amberg.de\/wp-content\/uploads\/2016\/09\/hammerbach.jpg 1386w\" sizes=\"(max-width: 1024px) 100vw, 1024px\" \/><p id=\"caption-attachment-819\" class=\"wp-caption-text\">Hammerbach<\/p><\/div>\n<p class=\"wp-caption-text\">Hammerbach<\/p>\n<p>3.) und 4.)\u00a0 Hennenbach, Teichkette \u2013 Teich 1 vor der Umgestaltung.<\/p>\n<div id=\"attachment_820\" style=\"width: 1034px\" class=\"wp-caption aligncenter\"><img aria-describedby=\"caption-attachment-820\" loading=\"lazy\" class=\"wp-image-820 size-large\" src=\"https:\/\/www.jagd-amberg.de\/wp-content\/uploads\/2016\/09\/hennenbach-1024x575.jpg\" alt=\"Hennenbach\" width=\"1024\" height=\"575\" srcset=\"https:\/\/www.jagd-amberg.de\/wp-content\/uploads\/2016\/09\/hennenbach-1024x575.jpg 1024w, https:\/\/www.jagd-amberg.de\/wp-content\/uploads\/2016\/09\/hennenbach-300x168.jpg 300w, https:\/\/www.jagd-amberg.de\/wp-content\/uploads\/2016\/09\/hennenbach-768x431.jpg 768w, https:\/\/www.jagd-amberg.de\/wp-content\/uploads\/2016\/09\/hennenbach.jpg 1386w\" sizes=\"(max-width: 1024px) 100vw, 1024px\" \/><p id=\"caption-attachment-820\" class=\"wp-caption-text\">Hennenbach<\/p><\/div>\n<p>&#8230; und nach der Renaturierung<\/p>\n<div id=\"attachment_3412\" style=\"width: 1034px\" class=\"wp-caption aligncenter\"><a href=\"https:\/\/www.jagd-amberg.de\/wp-content\/uploads\/2024\/02\/DSCF1408-scaled.jpg\"><img aria-describedby=\"caption-attachment-3412\" loading=\"lazy\" class=\"size-large wp-image-3412\" src=\"https:\/\/www.jagd-amberg.de\/wp-content\/uploads\/2024\/02\/DSCF1408-1024x683.jpg\" alt=\"\" width=\"1024\" height=\"683\" srcset=\"https:\/\/www.jagd-amberg.de\/wp-content\/uploads\/2024\/02\/DSCF1408-1024x683.jpg 1024w, https:\/\/www.jagd-amberg.de\/wp-content\/uploads\/2024\/02\/DSCF1408-300x200.jpg 300w, https:\/\/www.jagd-amberg.de\/wp-content\/uploads\/2024\/02\/DSCF1408-768x512.jpg 768w, https:\/\/www.jagd-amberg.de\/wp-content\/uploads\/2024\/02\/DSCF1408-1536x1024.jpg 1536w, https:\/\/www.jagd-amberg.de\/wp-content\/uploads\/2024\/02\/DSCF1408-2048x1365.jpg 2048w, https:\/\/www.jagd-amberg.de\/wp-content\/uploads\/2024\/02\/DSCF1408-272x182.jpg 272w\" sizes=\"(max-width: 1024px) 100vw, 1024px\" \/><\/a><p id=\"caption-attachment-3412\" class=\"wp-caption-text\">Hennenbach<\/p><\/div>\n<p class=\"wp-caption-text\">Hennenbach<\/p>\n<p>Rehe, Biber, Feldhasen, Kr\u00f6ten, Feuersalamander und, und ,und \u2026 sind jetzt schon G\u00e4ste!<\/p>\n<p>\u00dcber die Ma\u00dfnahmen werden wir an dieser Stelle weiter berichten!<\/p>\n<p><a href=\"https:\/\/www.jagd-amberg.de\/?p=3612\" target=\"_blank\" rel=\"noopener\">-&gt; Hier geht es zum Update aus dem Herbst 2024<\/a><\/p>\n<p>\u2026und selbstverst\u00e4ndlich gibt es einige Einzelinitiativen, bei denen im Revier Naturpflegema\u00dfnahmen durchgef\u00fchrt wurden:<\/p>\n<p>Hier zwei Fotos von Pflegema\u00dfnahmen im Zisteltal in Ensdorf; 4 J\u00e4ger und 3 Mitglieder des Heimatvereins sichern den Trockenrasen<\/p>\n<div id=\"attachment_814\" style=\"width: 1034px\" class=\"wp-caption aligncenter\"><img aria-describedby=\"caption-attachment-814\" loading=\"lazy\" class=\"wp-image-814 size-large\" src=\"https:\/\/www.jagd-amberg.de\/wp-content\/uploads\/2016\/05\/pflegemassnahme-zisteltal-ensdorf-1-1024x734.jpg\" alt=\"Zisteltal Ensdorf\" width=\"1024\" height=\"734\" srcset=\"https:\/\/www.jagd-amberg.de\/wp-content\/uploads\/2016\/05\/pflegemassnahme-zisteltal-ensdorf-1-1024x734.jpg 1024w, https:\/\/www.jagd-amberg.de\/wp-content\/uploads\/2016\/05\/pflegemassnahme-zisteltal-ensdorf-1-300x215.jpg 300w, https:\/\/www.jagd-amberg.de\/wp-content\/uploads\/2016\/05\/pflegemassnahme-zisteltal-ensdorf-1-768x551.jpg 768w, https:\/\/www.jagd-amberg.de\/wp-content\/uploads\/2016\/05\/pflegemassnahme-zisteltal-ensdorf-1.jpg 1314w\" sizes=\"(max-width: 1024px) 100vw, 1024px\" \/><p id=\"caption-attachment-814\" class=\"wp-caption-text\">Zisteltal Ensdorf<\/p><\/div>\n<p class=\"wp-caption-text\">Zisteltal Ensdorf<\/p>\n<div id=\"attachment_815\" style=\"width: 1034px\" class=\"wp-caption aligncenter\"><img aria-describedby=\"caption-attachment-815\" loading=\"lazy\" class=\"wp-image-815 size-large\" src=\"https:\/\/www.jagd-amberg.de\/wp-content\/uploads\/2016\/05\/pflegemassnahme-zisteltal-ensdorf-2-1024x766.jpg\" alt=\"Zisteltal Ensdorf\" width=\"1024\" height=\"766\" srcset=\"https:\/\/www.jagd-amberg.de\/wp-content\/uploads\/2016\/05\/pflegemassnahme-zisteltal-ensdorf-2-1024x766.jpg 1024w, https:\/\/www.jagd-amberg.de\/wp-content\/uploads\/2016\/05\/pflegemassnahme-zisteltal-ensdorf-2-300x224.jpg 300w, https:\/\/www.jagd-amberg.de\/wp-content\/uploads\/2016\/05\/pflegemassnahme-zisteltal-ensdorf-2-768x575.jpg 768w\" sizes=\"(max-width: 1024px) 100vw, 1024px\" \/><p id=\"caption-attachment-815\" class=\"wp-caption-text\">Zisteltal Ensdorf<\/p><\/div>\n<p class=\"wp-caption-text\">Zisteltal Ensdorf<\/p>\n<p>Fotos Fr\u00f6., WildlandStand 8\/2016<\/p>\n","protected":false},"excerpt":{"rendered":"<p>Die Wildland-Stiftung Bayern e. V. (Gegr\u00fcndet 2005) ist die Naturschutzeinrichtung des Bayerischen Jagdverbandes. http:\/\/www.wildland-bayern.de\/ Stiftungszweck ist im Wesentlichen der Schutz frei lebender Tiere sowie Naturschutz und Landschaftspflege. Dies geschieht zum einen durch die&#46;&#46;&#46;<\/p>\n","protected":false},"author":1,"featured_media":0,"parent":0,"menu_order":0,"comment_status":"closed","ping_status":"closed","template":"","meta":[],"_links":{"self":[{"href":"https:\/\/www.jagd-amberg.de\/index.php?rest_route=\/wp\/v2\/pages\/691"}],"collection":[{"href":"https:\/\/www.jagd-amberg.de\/index.php?rest_route=\/wp\/v2\/pages"}],"about":[{"href":"https:\/\/www.jagd-amberg.de\/index.php?rest_route=\/wp\/v2\/types\/page"}],"author":[{"embeddable":true,"href":"https:\/\/www.jagd-amberg.de\/index.php?rest_route=\/wp\/v2\/users\/1"}],"replies":[{"embeddable":true,"href":"https:\/\/www.jagd-amberg.de\/index.php?rest_route=%2Fwp%2Fv2%2Fcomments&post=691"}],"version-history":[{"count":26,"href":"https:\/\/www.jagd-amberg.de\/index.php?rest_route=\/wp\/v2\/pages\/691\/revisions"}],"predecessor-version":[{"id":3622,"href":"https:\/\/www.jagd-amberg.de\/index.php?rest_route=\/wp\/v2\/pages\/691\/revisions\/3622"}],"wp:attachment":[{"href":"https:\/\/www.jagd-amberg.de\/index.php?rest_route=%2Fwp%2Fv2%2Fmedia&parent=691"}],"curies":[{"name":"wp","href":"https:\/\/api.w.org\/{rel}","templated":true}]}}