{"id":854,"date":"2017-01-18T18:21:23","date_gmt":"2017-01-18T17:21:23","guid":{"rendered":"http:\/\/jagdamberg.bplaced.net\/wordpress\/?page_id=854"},"modified":"2024-01-28T18:23:34","modified_gmt":"2024-01-28T17:23:34","slug":"schiessnachweisewettbewerbe","status":"publish","type":"page","link":"https:\/\/www.jagd-amberg.de\/?page_id=854","title":{"rendered":"Schie\u00dfbetrieb\/ Wettbewerb"},"content":{"rendered":"<p>Neben dem Kontrollschie\u00dfen der Waffen geh\u00f6rt regelm\u00e4\u00dfiges \u00dcbungsschie\u00dfen zu den Grundlagen jeder Jagdaus\u00fcbung.<\/p>\n<p>Auf unserer vereinseigenen Schie\u00dfanlage \u201ein der Fatzen\u201c (2x 100m-Bahnen) k\u00f6nnen Sie in entspannter Atmosph\u00e4re Ihre Schie\u00dffertigkeiten optimieren und zudem steht Ihnen unser Schie\u00dfobmann zu den meisten Terminen mit Rat und Tat zur Seite.<\/p>\n<p>Zum Schie\u00dfen auf bewegte Ziele (Tontauben, laufender Keiler etc.) treffen wir uns auf den Schie\u00dfanlagen von benachbarten Kreisgruppen, z.B. Neumarkt. Schie\u00dfnachweise gem. BJV-Richtlinien werden ausgestellt. Die Gewinner unserer Schie\u00dfwettbewerbe (Ehrenscheibe, Vereinsmeisterschaften) werden j\u00e4hrlich anl\u00e4sslich unserer Hubertusfeier geehrt.<\/p>\n<p>Bitte kommen Sie zahlreich zu unseren Schie\u00dfen, Details finden Sie unter Termine.<\/p>\n","protected":false},"excerpt":{"rendered":"<p>Neben dem Kontrollschie\u00dfen der Waffen geh\u00f6rt regelm\u00e4\u00dfiges \u00dcbungsschie\u00dfen zu den Grundlagen jeder Jagdaus\u00fcbung. Auf unserer vereinseigenen Schie\u00dfanlage \u201ein der Fatzen\u201c (2x 100m-Bahnen) k\u00f6nnen Sie in entspannter Atmosph\u00e4re Ihre Schie\u00dffertigkeiten optimieren und zudem steht&#46;&#46;&#46;<\/p>\n","protected":false},"author":1,"featured_media":0,"parent":0,"menu_order":0,"comment_status":"closed","ping_status":"closed","template":"","meta":[],"_links":{"self":[{"href":"https:\/\/www.jagd-amberg.de\/index.php?rest_route=\/wp\/v2\/pages\/854"}],"collection":[{"href":"https:\/\/www.jagd-amberg.de\/index.php?rest_route=\/wp\/v2\/pages"}],"about":[{"href":"https:\/\/www.jagd-amberg.de\/index.php?rest_route=\/wp\/v2\/types\/page"}],"author":[{"embeddable":true,"href":"https:\/\/www.jagd-amberg.de\/index.php?rest_route=\/wp\/v2\/users\/1"}],"replies":[{"embeddable":true,"href":"https:\/\/www.jagd-amberg.de\/index.php?rest_route=%2Fwp%2Fv2%2Fcomments&post=854"}],"version-history":[{"count":7,"href":"https:\/\/www.jagd-amberg.de\/index.php?rest_route=\/wp\/v2\/pages\/854\/revisions"}],"predecessor-version":[{"id":3327,"href":"https:\/\/www.jagd-amberg.de\/index.php?rest_route=\/wp\/v2\/pages\/854\/revisions\/3327"}],"wp:attachment":[{"href":"https:\/\/www.jagd-amberg.de\/index.php?rest_route=%2Fwp%2Fv2%2Fmedia&parent=854"}],"curies":[{"name":"wp","href":"https:\/\/api.w.org\/{rel}","templated":true}]}}